{"id":910,"date":"2025-04-02T11:48:35","date_gmt":"2025-04-02T10:48:35","guid":{"rendered":"https:\/\/blue-flamingo.ch\/?page_id=910"},"modified":"2025-04-02T16:15:23","modified_gmt":"2025-04-02T15:15:23","slug":"imprint","status":"publish","type":"page","link":"https:\/\/blue-flamingo.ch\/de\/imprint\/","title":{"rendered":"Impressum"},"content":{"rendered":"<h2 class=\"wp-block-heading\"><mark style=\"background-color:rgba(0, 0, 0, 0);color:#1b10c9\" class=\"has-inline-color\">Impressum<\/mark><\/h2>\n\n\n\n<h3 class=\"wp-block-heading\"><mark style=\"background-color:rgba(0, 0, 0, 0);color:#4811b8\" class=\"has-inline-color\">Vision\u00e4rin hinter Blue Flamingo | Britischer, in der Schweiz ans\u00e4ssiger Designerin | Mutter von zwei Kindern<\/mark><\/h3>\n\n\n\n<p>In meiner Ecke der malerischen Schweiz fertige ich jede Blue Flamingo-Kreation mit Sorgfalt und Freude. Meine Reise von Grossbritannien in dieses deutschsprachige Paradies hat meine Designperspektive mit einer einzigartigen Mischung aus Pr\u00e4zision und Fantasie gepr\u00e4gt.<\/p>\n\n\n\n<p>Blue Flamingo entstand 2024 als H\u00f6hepunkt jahrelanger kreativer Tr\u00e4ume. Jedes St\u00fcck erz\u00e4hlt eine Geschichte \u2013 inspiriert von meinem interkulturellen Leben und dem magischen Chaos, das die Erziehung meiner beiden T\u00f6chter mit meinem Schweizer Ehemann mit sich bringt.<\/p>\n\n\n\n<p>Diese Sammlung ist erst der Anfang. Ich lade Sie ein, dieses Abenteuer mitzuerleben, wenn Blue Flamingo abhebt.<\/p>\n\n\n\n<p><em>Sch\u00f6nheit im Alltag<\/em><\/p>\n\n\n\n<div class=\"wp-block-jetpack-tiled-gallery aligncenter is-style-rectangular\"><div class=\"\"><div class=\"tiled-gallery__gallery\"><div class=\"tiled-gallery__row\"><div class=\"tiled-gallery__col\" style=\"flex-basis:43.47359%\"><figure class=\"tiled-gallery__item\"><img decoding=\"async\" srcset=\"https:\/\/i0.wp.com\/blue-flamingo.ch\/wp-content\/uploads\/2025\/04\/6befe2d5-9136-4ac4-8d8d-54cb9e3e81e5-1024x549.jpg?strip=info&#038;w=600&#038;ssl=1 600w,https:\/\/i0.wp.com\/blue-flamingo.ch\/wp-content\/uploads\/2025\/04\/6befe2d5-9136-4ac4-8d8d-54cb9e3e81e5-1024x549.jpg?strip=info&#038;w=900&#038;ssl=1 900w,https:\/\/i0.wp.com\/blue-flamingo.ch\/wp-content\/uploads\/2025\/04\/6befe2d5-9136-4ac4-8d8d-54cb9e3e81e5-1024x549.jpg?strip=info&#038;w=1200&#038;ssl=1 1200w,https:\/\/i0.wp.com\/blue-flamingo.ch\/wp-content\/uploads\/2025\/04\/6befe2d5-9136-4ac4-8d8d-54cb9e3e81e5-1024x549.jpg?strip=info&#038;w=1500&#038;ssl=1 1500w,https:\/\/i0.wp.com\/blue-flamingo.ch\/wp-content\/uploads\/2025\/04\/6befe2d5-9136-4ac4-8d8d-54cb9e3e81e5-1024x549.jpg?strip=info&#038;w=1791&#038;ssl=1 1791w\" alt=\"\" data-height=\"961\" data-id=\"912\" data-link=\"https:\/\/blue-flamingo.ch\/?attachment_id=912\" data-url=\"https:\/\/blue-flamingo.ch\/wp-content\/uploads\/2025\/04\/6befe2d5-9136-4ac4-8d8d-54cb9e3e81e5-1024x549.jpg\" data-width=\"1791\" src=\"https:\/\/i0.wp.com\/blue-flamingo.ch\/wp-content\/uploads\/2025\/04\/6befe2d5-9136-4ac4-8d8d-54cb9e3e81e5-1024x549.jpg?ssl=1\" data-amp-layout=\"responsive\" tabindex=\"0\" role=\"button\" aria-label=\"Open image 1 of 4 in full-screen\"\/><\/figure><\/div><div class=\"tiled-gallery__col\" style=\"flex-basis:23.39365%\"><figure class=\"tiled-gallery__item\"><img decoding=\"async\" srcset=\"https:\/\/i0.wp.com\/blue-flamingo.ch\/wp-content\/uploads\/2024\/07\/cropped-BF-largebackground.jpg?strip=info&#038;w=512&#038;ssl=1 512w\" alt=\"\" data-height=\"512\" data-id=\"369\" data-link=\"https:\/\/blue-flamingo.ch\/bf-largebackground\/cropped-bf-largebackground-jpg\/\" data-url=\"https:\/\/blue-flamingo.ch\/wp-content\/uploads\/2024\/07\/cropped-BF-largebackground.jpg\" data-width=\"512\" src=\"https:\/\/i0.wp.com\/blue-flamingo.ch\/wp-content\/uploads\/2024\/07\/cropped-BF-largebackground.jpg?ssl=1\" data-amp-layout=\"responsive\" tabindex=\"0\" role=\"button\" aria-label=\"Open image 2 of 4 in full-screen\"\/><\/figure><\/div><div class=\"tiled-gallery__col\" style=\"flex-basis:17.49271%\"><figure class=\"tiled-gallery__item\"><img decoding=\"async\" srcset=\"https:\/\/i0.wp.com\/blue-flamingo.ch\/wp-content\/uploads\/2025\/04\/ffac91a8-b898-4a1a-b75e-d23f6adc7736.jpg?strip=info&#038;w=600&#038;ssl=1 600w,https:\/\/i0.wp.com\/blue-flamingo.ch\/wp-content\/uploads\/2025\/04\/ffac91a8-b898-4a1a-b75e-d23f6adc7736.jpg?strip=info&#038;w=685&#038;ssl=1 685w\" alt=\"\" data-height=\"918\" data-id=\"913\" data-link=\"https:\/\/blue-flamingo.ch\/?attachment_id=913\" data-url=\"https:\/\/blue-flamingo.ch\/wp-content\/uploads\/2025\/04\/ffac91a8-b898-4a1a-b75e-d23f6adc7736.jpg\" data-width=\"685\" src=\"https:\/\/i0.wp.com\/blue-flamingo.ch\/wp-content\/uploads\/2025\/04\/ffac91a8-b898-4a1a-b75e-d23f6adc7736.jpg?ssl=1\" data-amp-layout=\"responsive\" tabindex=\"0\" role=\"button\" aria-label=\"Open image 3 of 4 in full-screen\"\/><\/figure><\/div><div class=\"tiled-gallery__col\" style=\"flex-basis:15.64005%\"><figure class=\"tiled-gallery__item\"><img decoding=\"async\" srcset=\"https:\/\/i0.wp.com\/blue-flamingo.ch\/wp-content\/uploads\/2025\/04\/Blue-Flamingo-products-682x1024.jpg?strip=info&#038;w=600&#038;ssl=1 600w,https:\/\/i0.wp.com\/blue-flamingo.ch\/wp-content\/uploads\/2025\/04\/Blue-Flamingo-products-682x1024.jpg?strip=info&#038;w=900&#038;ssl=1 900w,https:\/\/i0.wp.com\/blue-flamingo.ch\/wp-content\/uploads\/2025\/04\/Blue-Flamingo-products-682x1024.jpg?strip=info&#038;w=1200&#038;ssl=1 1200w,https:\/\/i0.wp.com\/blue-flamingo.ch\/wp-content\/uploads\/2025\/04\/Blue-Flamingo-products-682x1024.jpg?strip=info&#038;w=1333&#038;ssl=1 1333w\" alt=\"\" data-height=\"2000\" data-id=\"914\" data-link=\"https:\/\/blue-flamingo.ch\/?attachment_id=914\" data-url=\"https:\/\/blue-flamingo.ch\/wp-content\/uploads\/2025\/04\/Blue-Flamingo-products-682x1024.jpg\" data-width=\"1333\" src=\"https:\/\/i0.wp.com\/blue-flamingo.ch\/wp-content\/uploads\/2025\/04\/Blue-Flamingo-products-682x1024.jpg?ssl=1\" data-amp-layout=\"responsive\" tabindex=\"0\" role=\"button\" aria-label=\"Open image 4 of 4 in full-screen\"\/><\/figure><\/div><\/div><\/div><\/div><\/div>\n\n\n\n<h2 class=\"wp-block-heading\"><mark style=\"background-color:rgba(0, 0, 0, 0);color:#080aa7\" class=\"has-inline-color\">Besuchen Sie mich auf Instagram \u2026<\/mark><\/h2>\n\n\n\n<figure class=\"wp-block-embed is-type-rich is-provider-instagram wp-block-embed-instagram\"><div class=\"wp-block-embed__wrapper\">\n<blockquote class=\"instagram-media\" data-instgrm-captioned data-instgrm-permalink=\"https:\/\/www.instagram.com\/reel\/DH0eiYtsqBy\/?utm_source=ig_embed&amp;utm_campaign=loading\" data-instgrm-version=\"14\" style=\" background:#FFF; border:0; border-radius:3px; box-shadow:0 0 1px 0 rgba(0,0,0,0.5),0 1px 10px 0 rgba(0,0,0,0.15); margin: 1px; max-width:500px; min-width:326px; padding:0; width:99.375%; width:-webkit-calc(100% - 2px); width:calc(100% - 2px);\"><div style=\"padding:16px;\"> <a href=\"https:\/\/www.instagram.com\/reel\/DH0eiYtsqBy\/?utm_source=ig_embed&amp;utm_campaign=loading\" style=\" background:#FFFFFF; line-height:0; padding:0 0; text-align:center; text-decoration:none; width:100%;\" target=\"_blank\"> <div style=\" display: flex; flex-direction: row; align-items: center;\"> <div style=\"background-color: #F4F4F4; border-radius: 50%; flex-grow: 0; height: 40px; margin-right: 14px; width: 40px;\"><\/div> <div style=\"display: flex; flex-direction: column; flex-grow: 1; justify-content: center;\"> <div style=\" background-color: #F4F4F4; border-radius: 4px; flex-grow: 0; height: 14px; margin-bottom: 6px; width: 100px;\"><\/div> <div style=\" background-color: #F4F4F4; border-radius: 4px; flex-grow: 0; height: 14px; width: 60px;\"><\/div><\/div><\/div><div style=\"padding: 19% 0;\"><\/div> <div style=\"display:block; height:50px; margin:0 auto 12px; width:50px;\"><svg width=\"50px\" height=\"50px\" viewbox=\"0 0 60 60\" version=\"1.1\" xmlns=\"https:\/\/www.w3.org\/2000\/svg\" xmlns:xlink=\"https:\/\/www.w3.org\/1999\/xlink\"><g stroke=\"none\" stroke-width=\"1\" fill=\"none\" fill-rule=\"evenodd\"><g transform=\"translate(-511.000000, -20.000000)\" fill=\"#000000\"><g><path d=\"M556.869,30.41 C554.814,30.41 553.148,32.076 553.148,34.131 C553.148,36.186 554.814,37.852 556.869,37.852 C558.924,37.852 560.59,36.186 560.59,34.131 C560.59,32.076 558.924,30.41 556.869,30.41 M541,60.657 C535.114,60.657 530.342,55.887 530.342,50 C530.342,44.114 535.114,39.342 541,39.342 C546.887,39.342 551.658,44.114 551.658,50 C551.658,55.887 546.887,60.657 541,60.657 M541,33.886 C532.1,33.886 524.886,41.1 524.886,50 C524.886,58.899 532.1,66.113 541,66.113 C549.9,66.113 557.115,58.899 557.115,50 C557.115,41.1 549.9,33.886 541,33.886 M565.378,62.101 C565.244,65.022 564.756,66.606 564.346,67.663 C563.803,69.06 563.154,70.057 562.106,71.106 C561.058,72.155 560.06,72.803 558.662,73.347 C557.607,73.757 556.021,74.244 553.102,74.378 C549.944,74.521 548.997,74.552 541,74.552 C533.003,74.552 532.056,74.521 528.898,74.378 C525.979,74.244 524.393,73.757 523.338,73.347 C521.94,72.803 520.942,72.155 519.894,71.106 C518.846,70.057 518.197,69.06 517.654,67.663 C517.244,66.606 516.755,65.022 516.623,62.101 C516.479,58.943 516.448,57.996 516.448,50 C516.448,42.003 516.479,41.056 516.623,37.899 C516.755,34.978 517.244,33.391 517.654,32.338 C518.197,30.938 518.846,29.942 519.894,28.894 C520.942,27.846 521.94,27.196 523.338,26.654 C524.393,26.244 525.979,25.756 528.898,25.623 C532.057,25.479 533.004,25.448 541,25.448 C548.997,25.448 549.943,25.479 553.102,25.623 C556.021,25.756 557.607,26.244 558.662,26.654 C560.06,27.196 561.058,27.846 562.106,28.894 C563.154,29.942 563.803,30.938 564.346,32.338 C564.756,33.391 565.244,34.978 565.378,37.899 C565.522,41.056 565.552,42.003 565.552,50 C565.552,57.996 565.522,58.943 565.378,62.101 M570.82,37.631 C570.674,34.438 570.167,32.258 569.425,30.349 C568.659,28.377 567.633,26.702 565.965,25.035 C564.297,23.368 562.623,22.342 560.652,21.575 C558.743,20.834 556.562,20.326 553.369,20.18 C550.169,20.033 549.148,20 541,20 C532.853,20 531.831,20.033 528.631,20.18 C525.438,20.326 523.257,20.834 521.349,21.575 C519.376,22.342 517.703,23.368 516.035,25.035 C514.368,26.702 513.342,28.377 512.574,30.349 C511.834,32.258 511.326,34.438 511.181,37.631 C511.035,40.831 511,41.851 511,50 C511,58.147 511.035,59.17 511.181,62.369 C511.326,65.562 511.834,67.743 512.574,69.651 C513.342,71.625 514.368,73.296 516.035,74.965 C517.703,76.634 519.376,77.658 521.349,78.425 C523.257,79.167 525.438,79.673 528.631,79.82 C531.831,79.965 532.853,80.001 541,80.001 C549.148,80.001 550.169,79.965 553.369,79.82 C556.562,79.673 558.743,79.167 560.652,78.425 C562.623,77.658 564.297,76.634 565.965,74.965 C567.633,73.296 568.659,71.625 569.425,69.651 C570.167,67.743 570.674,65.562 570.82,62.369 C570.966,59.17 571,58.147 571,50 C571,41.851 570.966,40.831 570.82,37.631\"><\/path><\/g><\/g><\/g><\/svg><\/div><div style=\"padding-top: 8px;\"> <div style=\" color:#3897f0; font-family:Arial,sans-serif; font-size:14px; font-style:normal; font-weight:550; line-height:18px;\">View this post on Instagram<\/div><\/div><div style=\"padding: 12.5% 0;\"><\/div> <div style=\"display: flex; flex-direction: row; margin-bottom: 14px; align-items: center;\"><div> <div style=\"background-color: #F4F4F4; border-radius: 50%; height: 12.5px; width: 12.5px; transform: translateX(0px) translateY(7px);\"><\/div> <div style=\"background-color: #F4F4F4; height: 12.5px; transform: rotate(-45deg) translateX(3px) translateY(1px); width: 12.5px; flex-grow: 0; margin-right: 14px; margin-left: 2px;\"><\/div> <div style=\"background-color: #F4F4F4; border-radius: 50%; height: 12.5px; width: 12.5px; transform: translateX(9px) translateY(-18px);\"><\/div><\/div><div style=\"margin-left: 8px;\"> <div style=\" background-color: #F4F4F4; border-radius: 50%; flex-grow: 0; height: 20px; width: 20px;\"><\/div> <div style=\" width: 0; height: 0; border-top: 2px solid transparent; border-left: 6px solid #f4f4f4; border-bottom: 2px solid transparent; transform: translateX(16px) translateY(-4px) rotate(30deg)\"><\/div><\/div><div style=\"margin-left: auto;\"> <div style=\" width: 0px; border-top: 8px solid #F4F4F4; border-right: 8px solid transparent; transform: translateY(16px);\"><\/div> <div style=\" background-color: #F4F4F4; flex-grow: 0; height: 12px; width: 16px; transform: translateY(-4px);\"><\/div> <div style=\" width: 0; height: 0; border-top: 8px solid #F4F4F4; border-left: 8px solid transparent; transform: translateY(-4px) translateX(8px);\"><\/div><\/div><\/div> <div style=\"display: flex; flex-direction: column; flex-grow: 1; justify-content: center; margin-bottom: 24px;\"> <div style=\" background-color: #F4F4F4; border-radius: 4px; flex-grow: 0; height: 14px; margin-bottom: 6px; width: 224px;\"><\/div> <div style=\" background-color: #F4F4F4; border-radius: 4px; flex-grow: 0; height: 14px; width: 144px;\"><\/div><\/div><\/a><p style=\" color:#c9c8cd; font-family:Arial,sans-serif; font-size:14px; line-height:17px; margin-bottom:0; margin-top:8px; overflow:hidden; padding:8px 0 7px; text-align:center; text-overflow:ellipsis; white-space:nowrap;\"><a href=\"https:\/\/www.instagram.com\/reel\/DH0eiYtsqBy\/?utm_source=ig_embed&amp;utm_campaign=loading\" style=\" color:#c9c8cd; font-family:Arial,sans-serif; font-size:14px; font-style:normal; font-weight:normal; line-height:17px; text-decoration:none;\" target=\"_blank\">A post shared by Laura Callen- Blue Flamingo (@this_flamingo_is_blue)<\/a><\/p><\/div><\/blockquote><script async src=\"\/\/platform.instagram.com\/en_US\/embeds.js\"><\/script>\n<\/div><\/figure>\n\n\n\n<div class=\"wp-block-group alignfull has-contrast-color has-text-color is-vertical is-content-justification-center is-layout-flex wp-container-core-group-is-layout-f306f087 wp-block-group-is-layout-flex\" style=\"min-height:40vh;margin-top:0;margin-bottom:0;padding-top:var(--wp--preset--spacing--60);padding-right:var(--wp--preset--spacing--50);padding-bottom:var(--wp--preset--spacing--60);padding-left:var(--wp--preset--spacing--50)\"><div style=\"margin-bottom:6px;\" class=\"is-default-size aligncenter wp-block-site-logo\"><a href=\"https:\/\/blue-flamingo.ch\/de\/\" class=\"custom-logo-link\" rel=\"home\"><img loading=\"lazy\" decoding=\"async\" width=\"998\" height=\"1433\" src=\"https:\/\/blue-flamingo.ch\/wp-content\/uploads\/2024\/06\/cropped-Flamingo1_no_backgroundsmall.png\" class=\"custom-logo\" alt=\"Blue Flamingo\" srcset=\"https:\/\/blue-flamingo.ch\/wp-content\/uploads\/2024\/06\/cropped-Flamingo1_no_backgroundsmall.png 998w, https:\/\/blue-flamingo.ch\/wp-content\/uploads\/2024\/06\/cropped-Flamingo1_no_backgroundsmall-600x862.png 600w, https:\/\/blue-flamingo.ch\/wp-content\/uploads\/2024\/06\/cropped-Flamingo1_no_backgroundsmall-209x300.png 209w, https:\/\/blue-flamingo.ch\/wp-content\/uploads\/2024\/06\/cropped-Flamingo1_no_backgroundsmall-713x1024.png 713w, https:\/\/blue-flamingo.ch\/wp-content\/uploads\/2024\/06\/cropped-Flamingo1_no_backgroundsmall-768x1103.png 768w, https:\/\/blue-flamingo.ch\/wp-content\/uploads\/2024\/06\/cropped-Flamingo1_no_backgroundsmall-42x60.png 42w\" sizes=\"auto, (max-width: 998px) 100vw, 998px\" \/><\/a><\/div>\n\n\n<p class=\"has-text-align-center has-medium-font-size\">Laura Callen<\/p>\n\n\n\n<p>Weidstrasse 14, 8909 Zwillikon<\/p>\n\n\n\n<p>077 406 16 11<\/p>\n\n\n\n<p>laura@blue-flamingo.ch<\/p>\n\n\n\n<ul class=\"wp-block-social-links has-normal-icon-size is-style-logos-only is-nowrap is-layout-flex wp-container-core-social-links-is-layout-65900438 wp-block-social-links-is-layout-flex\"><li class=\"wp-social-link wp-social-link-facebook  wp-block-social-link\"><a href=\"#\" class=\"wp-block-social-link-anchor\"><svg width=\"24\" height=\"24\" viewbox=\"0 0 24 24\" version=\"1.1\" xmlns=\"http:\/\/www.w3.org\/2000\/svg\" aria-hidden=\"true\" focusable=\"false\"><path d=\"M12 2C6.5 2 2 6.5 2 12c0 5 3.7 9.1 8.4 9.9v-7H7.9V12h2.5V9.8c0-2.5 1.5-3.9 3.8-3.9 1.1 0 2.2.2 2.2.2v2.5h-1.3c-1.2 0-1.6.8-1.6 1.6V12h2.8l-.4 2.9h-2.3v7C18.3 21.1 22 17 22 12c0-5.5-4.5-10-10-10z\"><\/path><\/svg><span class=\"wp-block-social-link-label screen-reader-text\">Facebook<\/span><\/a><\/li>\n\n\n\n<li class=\"wp-social-link wp-social-link-wordpress  wp-block-social-link\"><a href=\"#\" class=\"wp-block-social-link-anchor\"><svg width=\"24\" height=\"24\" viewbox=\"0 0 24 24\" version=\"1.1\" xmlns=\"http:\/\/www.w3.org\/2000\/svg\" aria-hidden=\"true\" focusable=\"false\"><path d=\"M12.158,12.786L9.46,20.625c0.806,0.237,1.657,0.366,2.54,0.366c1.047,0,2.051-0.181,2.986-0.51 c-0.024-0.038-0.046-0.079-0.065-0.124L12.158,12.786z M3.009,12c0,3.559,2.068,6.634,5.067,8.092L3.788,8.341 C3.289,9.459,3.009,10.696,3.009,12z M18.069,11.546c0-1.112-0.399-1.881-0.741-2.48c-0.456-0.741-0.883-1.368-0.883-2.109 c0-0.826,0.627-1.596,1.51-1.596c0.04,0,0.078,0.005,0.116,0.007C16.472,3.904,14.34,3.009,12,3.009 c-3.141,0-5.904,1.612-7.512,4.052c0.211,0.007,0.41,0.011,0.579,0.011c0.94,0,2.396-0.114,2.396-0.114 C7.947,6.93,8.004,7.642,7.52,7.699c0,0-0.487,0.057-1.029,0.085l3.274,9.739l1.968-5.901l-1.401-3.838 C9.848,7.756,9.389,7.699,9.389,7.699C8.904,7.67,8.961,6.93,9.446,6.958c0,0,1.484,0.114,2.368,0.114 c0.94,0,2.397-0.114,2.397-0.114c0.485-0.028,0.542,0.684,0.057,0.741c0,0-0.488,0.057-1.029,0.085l3.249,9.665l0.897-2.996 C17.841,13.284,18.069,12.316,18.069,11.546z M19.889,7.686c0.039,0.286,0.06,0.593,0.06,0.924c0,0.912-0.171,1.938-0.684,3.22 l-2.746,7.94c2.673-1.558,4.47-4.454,4.47-7.771C20.991,10.436,20.591,8.967,19.889,7.686z M12,22C6.486,22,2,17.514,2,12 C2,6.486,6.486,2,12,2c5.514,0,10,4.486,10,10C22,17.514,17.514,22,12,22z\"><\/path><\/svg><span class=\"wp-block-social-link-label screen-reader-text\">WordPress<\/span><\/a><\/li><\/ul>\n<\/div>","protected":false},"excerpt":{"rendered":"<p>Imprint Visionary behind Blue Flamingo | Swiss-based Designer | Mother of Two From my corner of picturesque Switzerland, I craft each Blue Flamingo creation with intention and joy. My journey from British shores to this German-speaking haven has infused my design perspective with a unique blend of precision and whimsy. Blue Flamingo emerged in 2024 [&hellip;]<\/p>","protected":false},"author":1,"featured_media":0,"parent":0,"menu_order":0,"comment_status":"closed","ping_status":"closed","template":"no-title-space","meta":{"om_disable_all_campaigns":false,"_monsterinsights_skip_tracking":false,"_monsterinsights_sitenote_active":false,"_monsterinsights_sitenote_note":"","_monsterinsights_sitenote_category":0,"_uf_show_specific_survey":0,"_uf_disable_surveys":false,"footnotes":""},"class_list":["post-910","page","type-page","status-publish","hentry"],"aioseo_notices":[],"jetpack_sharing_enabled":true,"_links":{"self":[{"href":"https:\/\/blue-flamingo.ch\/de\/wp-json\/wp\/v2\/pages\/910","targetHints":{"allow":["GET"]}}],"collection":[{"href":"https:\/\/blue-flamingo.ch\/de\/wp-json\/wp\/v2\/pages"}],"about":[{"href":"https:\/\/blue-flamingo.ch\/de\/wp-json\/wp\/v2\/types\/page"}],"author":[{"embeddable":true,"href":"https:\/\/blue-flamingo.ch\/de\/wp-json\/wp\/v2\/users\/1"}],"replies":[{"embeddable":true,"href":"https:\/\/blue-flamingo.ch\/de\/wp-json\/wp\/v2\/comments?post=910"}],"version-history":[{"count":6,"href":"https:\/\/blue-flamingo.ch\/de\/wp-json\/wp\/v2\/pages\/910\/revisions"}],"predecessor-version":[{"id":951,"href":"https:\/\/blue-flamingo.ch\/de\/wp-json\/wp\/v2\/pages\/910\/revisions\/951"}],"wp:attachment":[{"href":"https:\/\/blue-flamingo.ch\/de\/wp-json\/wp\/v2\/media?parent=910"}],"curies":[{"name":"wp","href":"https:\/\/api.w.org\/{rel}","templated":true}]}}