{"id":928,"date":"2025-04-02T13:05:31","date_gmt":"2025-04-02T12:05:31","guid":{"rendered":"https:\/\/blue-flamingo.ch\/?page_id=928"},"modified":"2025-04-02T13:05:32","modified_gmt":"2025-04-02T12:05:32","slug":"shipping","status":"publish","type":"page","link":"https:\/\/blue-flamingo.ch\/de\/shipping\/","title":{"rendered":"Versand"},"content":{"rendered":"<figure class=\"wp-block-image size-large\"><img loading=\"lazy\" decoding=\"async\" width=\"576\" height=\"1024\" src=\"https:\/\/blue-flamingo.ch\/wp-content\/uploads\/2025\/04\/Beige-Aesthetic-Hair-Salon-Price-List-Instagram-Story-576x1024.jpg\" alt=\"\" class=\"wp-image-929\" srcset=\"https:\/\/blue-flamingo.ch\/wp-content\/uploads\/2025\/04\/Beige-Aesthetic-Hair-Salon-Price-List-Instagram-Story-576x1024.jpg 576w, https:\/\/blue-flamingo.ch\/wp-content\/uploads\/2025\/04\/Beige-Aesthetic-Hair-Salon-Price-List-Instagram-Story-169x300.jpg 169w, https:\/\/blue-flamingo.ch\/wp-content\/uploads\/2025\/04\/Beige-Aesthetic-Hair-Salon-Price-List-Instagram-Story-768x1365.jpg 768w, https:\/\/blue-flamingo.ch\/wp-content\/uploads\/2025\/04\/Beige-Aesthetic-Hair-Salon-Price-List-Instagram-Story-864x1536.jpg 864w, https:\/\/blue-flamingo.ch\/wp-content\/uploads\/2025\/04\/Beige-Aesthetic-Hair-Salon-Price-List-Instagram-Story-7x12.jpg 7w, https:\/\/blue-flamingo.ch\/wp-content\/uploads\/2025\/04\/Beige-Aesthetic-Hair-Salon-Price-List-Instagram-Story-600x1067.jpg 600w, https:\/\/blue-flamingo.ch\/wp-content\/uploads\/2025\/04\/Beige-Aesthetic-Hair-Salon-Price-List-Instagram-Story-54x96.jpg 54w, https:\/\/blue-flamingo.ch\/wp-content\/uploads\/2025\/04\/Beige-Aesthetic-Hair-Salon-Price-List-Instagram-Story.jpg 1080w\" sizes=\"auto, (max-width: 576px) 100vw, 576px\" \/><\/figure>\n\n\n\n<p><strong>Delivery Time Disclaimer<\/strong><\/p>\n\n\n\n<p>Bitte beachten Sie, dass alle auf dieser Website angegebenen Lieferzeiten nur Sch\u00e4tzungen sind und nicht garantiert werden k\u00f6nnen. Die tats\u00e4chliche Lieferzeit kann aufgrund von Faktoren, die ausserhalb meiner Kontrolle liegen, variieren, einschliesslich, aber nicht beschr\u00e4nkt auf:<\/p>\n\n\n\n<ul class=\"wp-block-list\">\n<li>Wetterbedingungen<\/li>\n\n\n\n<li>Zeiten mit hohem Volumen<\/li>\n\n\n\n<li>Verz\u00f6gerungen bei der Post oder dem Transportunternehmen<\/li>\n\n\n\n<li>Zollabwicklung f\u00fcr internationale Sendungen<\/li>\n\n\n\n<li>Feiertage und Wochenenden<\/li>\n\n\n\n<li>Naturkatastrophen und andere Ereignisse h\u00f6herer Gewalt<\/li>\n<\/ul>\n\n\n\n<p>Obwohl ich mich bem\u00fche, die voraussichtlichen Lieferzeiten einzuhalten, \u00fcbernehme ich keine Verantwortung f\u00fcr Verz\u00f6gerungen w\u00e4hrend des Transports. Informationen zur Sendungsverfolgung werden bereitgestellt, sobald sie verf\u00fcgbar sind. Bitte warten Sie jedoch das gesamte voraussichtliche Lieferzeitfenster ab, bevor Sie den Kundenservice bez\u00fcglich des Sendungsstatus kontaktieren.<\/p>\n\n\n\n<p>For time-sensitive orders, I recommend getting in touch via email so that I am aware of your limited time frame. <\/p>\n\n\n\n<p>Mit der Aufgabe einer Bestellung erkennen Sie diese Lieferbedingungen an und akzeptieren sie.<\/p>","protected":false},"excerpt":{"rendered":"<p>Delivery Time Disclaimer Please note that all delivery times provided on this website are estimates only and not guaranteed. Actual delivery may vary due to factors beyond my control, including but not limited to: While I strive to meet estimated delivery timeframes, I cannot be held responsible for any delays that may occur during transit. [&hellip;]<\/p>","protected":false},"author":1,"featured_media":0,"parent":0,"menu_order":0,"comment_status":"closed","ping_status":"closed","template":"","meta":{"om_disable_all_campaigns":false,"_monsterinsights_skip_tracking":false,"_monsterinsights_sitenote_active":false,"_monsterinsights_sitenote_note":"","_monsterinsights_sitenote_category":0,"_uf_show_specific_survey":0,"_uf_disable_surveys":false,"footnotes":""},"class_list":["post-928","page","type-page","status-publish","hentry"],"aioseo_notices":[],"jetpack_sharing_enabled":true,"_links":{"self":[{"href":"https:\/\/blue-flamingo.ch\/de\/wp-json\/wp\/v2\/pages\/928","targetHints":{"allow":["GET"]}}],"collection":[{"href":"https:\/\/blue-flamingo.ch\/de\/wp-json\/wp\/v2\/pages"}],"about":[{"href":"https:\/\/blue-flamingo.ch\/de\/wp-json\/wp\/v2\/types\/page"}],"author":[{"embeddable":true,"href":"https:\/\/blue-flamingo.ch\/de\/wp-json\/wp\/v2\/users\/1"}],"replies":[{"embeddable":true,"href":"https:\/\/blue-flamingo.ch\/de\/wp-json\/wp\/v2\/comments?post=928"}],"version-history":[{"count":1,"href":"https:\/\/blue-flamingo.ch\/de\/wp-json\/wp\/v2\/pages\/928\/revisions"}],"predecessor-version":[{"id":930,"href":"https:\/\/blue-flamingo.ch\/de\/wp-json\/wp\/v2\/pages\/928\/revisions\/930"}],"wp:attachment":[{"href":"https:\/\/blue-flamingo.ch\/de\/wp-json\/wp\/v2\/media?parent=928"}],"curies":[{"name":"wp","href":"https:\/\/api.w.org\/{rel}","templated":true}]}}