{"id":938,"date":"2025-04-02T13:26:53","date_gmt":"2025-04-02T12:26:53","guid":{"rendered":"https:\/\/blue-flamingo.ch\/?page_id=938"},"modified":"2025-04-02T14:58:45","modified_gmt":"2025-04-02T13:58:45","slug":"returns","status":"publish","type":"page","link":"https:\/\/blue-flamingo.ch\/de\/returns\/","title":{"rendered":"R\u00fcckerstattungen"},"content":{"rendered":"<p>Ich akzeptiere R\u00fccksendungen innerhalb von 14 Tagen nach Lieferung. Voraussetzung f\u00fcr eine R\u00fccksendung ist, dass der Artikel ungetragen, im Originalzustand und in der Originalverpackung ist. Sonderanfertigungen, reduzierte Artikel und Ohrringe (aus hygienischen Gr\u00fcnden) sind nicht erstattungsf\u00e4hig. Die Kosten der R\u00fccksendung gehen zu Ihren Lasten, es sei denn, die R\u00fccksendung ist auf meinen Fehler zur\u00fcckzuf\u00fchren.<\/p>\n\n\n\n<p>Please contact me through either the <a href=\"https:\/\/blue-flamingo.ch\/de\/contact\/\" target=\"_blank\" rel=\"noopener\" title=\"Kontakt\">contact <\/a>Bitte kontaktieren Sie mich entweder \u00fcber die Kontaktseite oder senden Sie mir eine E-Mail an contact@blue-flamingo.ch, um weitere Informationen zum R\u00fcckgabeprozess zu erhalten.<\/p>\n\n\n\n<p>Reparatur- und Austauschzeitraum: Bitte beachten Sie, dass Reparaturen oder Austausche zwischen 1 und 5 Wochen dauern k\u00f6nnen, insbesondere wenn spezielle Komponenten bestellt werden m\u00fcssen. Ich bem\u00fche mich, Ihre Reparatur oder Ihren Austausch so schnell wie m\u00f6glich zu bearbeiten und halte Sie w\u00e4hrend des gesamten Prozesses \u00fcber den Status auf dem Laufenden.<\/p>\n\n\n\n<p>Die richtige Pflege ist unerl\u00e4sslich, um die Sch\u00f6nheit und Langlebigkeit Ihres Blue Flamingo-Produkts zu erhalten. Dazu geh\u00f6rt, den Kontakt mit Chemikalien und Wasser zu vermeiden, die Artikel getrennt zu lagern und mit geeigneten Methoden zu reinigen. Die Nichtbeachtung dieser Pflegehinweise kann zum Erl\u00f6schen der Garantie und zu Sch\u00e4den f\u00fchren, die nicht durch meine R\u00fcckgabebedingungen abgedeckt sind. <\/p>\n\n\n\n<p>Blue Flamingo bietet eine 30-t\u00e4gige Garantie auf Material- und Verarbeitungsfehler. Diese Garantie deckt keine Sch\u00e4den ab, die durch Unf\u00e4lle, unsachgem\u00e4ssen Gebrauch oder normale Abnutzung entstehen. Sollten Sie Probleme haben, die von der Garantie abgedeckt sind, kontaktieren Sie mich bitte bez\u00fcglich Reparatur- oder Ersatzoptionen.<\/p>\n\n\n\n<p><\/p>","protected":false},"excerpt":{"rendered":"<p>I accept returns within 14 days of delivery. To be eligible for a return, the item must be unworn, in its original condition, and in the original packaging. Custom orders, sale items, and earrings (for hygienic reasons) are non-refundable. Customers are responsible for return shipping costs unless the return is due to my error. Please [&hellip;]<\/p>","protected":false},"author":1,"featured_media":0,"parent":0,"menu_order":0,"comment_status":"closed","ping_status":"closed","template":"no-title-space","meta":{"om_disable_all_campaigns":false,"_monsterinsights_skip_tracking":false,"_monsterinsights_sitenote_active":false,"_monsterinsights_sitenote_note":"","_monsterinsights_sitenote_category":0,"_uf_show_specific_survey":0,"_uf_disable_surveys":false,"footnotes":""},"class_list":["post-938","page","type-page","status-publish","hentry"],"aioseo_notices":[],"jetpack_sharing_enabled":true,"_links":{"self":[{"href":"https:\/\/blue-flamingo.ch\/de\/wp-json\/wp\/v2\/pages\/938","targetHints":{"allow":["GET"]}}],"collection":[{"href":"https:\/\/blue-flamingo.ch\/de\/wp-json\/wp\/v2\/pages"}],"about":[{"href":"https:\/\/blue-flamingo.ch\/de\/wp-json\/wp\/v2\/types\/page"}],"author":[{"embeddable":true,"href":"https:\/\/blue-flamingo.ch\/de\/wp-json\/wp\/v2\/users\/1"}],"replies":[{"embeddable":true,"href":"https:\/\/blue-flamingo.ch\/de\/wp-json\/wp\/v2\/comments?post=938"}],"version-history":[{"count":2,"href":"https:\/\/blue-flamingo.ch\/de\/wp-json\/wp\/v2\/pages\/938\/revisions"}],"predecessor-version":[{"id":943,"href":"https:\/\/blue-flamingo.ch\/de\/wp-json\/wp\/v2\/pages\/938\/revisions\/943"}],"wp:attachment":[{"href":"https:\/\/blue-flamingo.ch\/de\/wp-json\/wp\/v2\/media?parent=938"}],"curies":[{"name":"wp","href":"https:\/\/api.w.org\/{rel}","templated":true}]}}