{"id":1010,"date":"2025-04-30T12:41:04","date_gmt":"2025-04-30T11:41:04","guid":{"rendered":"https:\/\/blue-flamingo.ch\/?post_type=product&#038;p=1010"},"modified":"2025-04-30T12:41:04","modified_gmt":"2025-04-30T11:41:04","slug":"pastel-ocean-coin-anklet","status":"publish","type":"product","link":"https:\/\/blue-flamingo.ch\/de\/produkt\/pastel-ocean-coin-anklet\/","title":{"rendered":"Pastellfarbenes Fusskettchen mit Ozeanm\u00fcnze"},"content":{"rendered":"<p>Dieses Fusskettchen ist elegant aus pastellfarbenen Glasperlen in T\u00fcrkis-, Weiss- und Rosat\u00f6nen gefertigt und verf\u00fcgt \u00fcber sechs zarte, versilberte M\u00fcnzanh\u00e4nger und sechs S\u00fcsswasserperlen. Das 22 cm lange Fusskettchen verf\u00fcgt \u00fcber eine 5 cm lange Verl\u00e4ngerungskette, die eine individuelle Passform um Ihren Kn\u00f6chel erm\u00f6glicht. Es ist durchgehend mit langlebigen Edelstahlkomponenten ausgestattet. Individuelle L\u00e4ngen sind auf Anfrage erh\u00e4ltlich, sodass Sie ein perfekt auf Ihre individuellen Masse zugeschnittenes St\u00fcck erhalten.<\/p>\n<p>Ich bem\u00fche mich zwar um Genauigkeit, die tats\u00e4chlichen Farben der Produkte k\u00f6nnen jedoch aufgrund unterschiedlicher Lichtverh\u00e4ltnisse beim Fotografieren, der Bildschirmeinstellungen verschiedener Ger\u00e4te und der individuellen Monitorkalibrierung leicht von den Abbildungen abweichen. Diese Farbabweichungen sind normal und stellen keinen Mangel dar.<\/p>","protected":false},"excerpt":{"rendered":"<p>Fusskettchen aus pastellfarbenen Rocailles-Perlen mit S\u00fcsswasserperlen und versilberten Miniatur-M\u00fcnzanh\u00e4ngern.<\/p>","protected":false},"featured_media":1012,"comment_status":"open","ping_status":"closed","template":"","meta":{"om_disable_all_campaigns":false,"_monsterinsights_skip_tracking":false,"_monsterinsights_sitenote_active":false,"_monsterinsights_sitenote_note":"","_monsterinsights_sitenote_category":0,"_uf_show_specific_survey":0,"_uf_disable_surveys":false},"wpc-collection":[],"product_brand":[],"product_cat":[95,22],"product_tag":[],"class_list":{"0":"post-1010","1":"product","2":"type-product","3":"status-publish","4":"has-post-thumbnail","6":"product_cat-anklets","7":"product_cat-jewellery","8":"product_shipping_class-small-items-without-tracking","10":"first","11":"instock","12":"shipping-taxable","13":"purchasable","14":"product-type-simple"},"aioseo_notices":[],"jetpack_sharing_enabled":true,"_links":{"self":[{"href":"https:\/\/blue-flamingo.ch\/de\/wp-json\/wp\/v2\/product\/1010","targetHints":{"allow":["GET"]}}],"collection":[{"href":"https:\/\/blue-flamingo.ch\/de\/wp-json\/wp\/v2\/product"}],"about":[{"href":"https:\/\/blue-flamingo.ch\/de\/wp-json\/wp\/v2\/types\/product"}],"replies":[{"embeddable":true,"href":"https:\/\/blue-flamingo.ch\/de\/wp-json\/wp\/v2\/comments?post=1010"}],"wp:featuredmedia":[{"embeddable":true,"href":"https:\/\/blue-flamingo.ch\/de\/wp-json\/wp\/v2\/media\/1012"}],"wp:attachment":[{"href":"https:\/\/blue-flamingo.ch\/de\/wp-json\/wp\/v2\/media?parent=1010"}],"wp:term":[{"taxonomy":"wpc-collection","embeddable":true,"href":"https:\/\/blue-flamingo.ch\/de\/wp-json\/wp\/v2\/wpc-collection?post=1010"},{"taxonomy":"product_brand","embeddable":true,"href":"https:\/\/blue-flamingo.ch\/de\/wp-json\/wp\/v2\/product_brand?post=1010"},{"taxonomy":"product_cat","embeddable":true,"href":"https:\/\/blue-flamingo.ch\/de\/wp-json\/wp\/v2\/product_cat?post=1010"},{"taxonomy":"product_tag","embeddable":true,"href":"https:\/\/blue-flamingo.ch\/de\/wp-json\/wp\/v2\/product_tag?post=1010"}],"curies":[{"name":"wp","href":"https:\/\/api.w.org\/{rel}","templated":true}]}}