{"id":1076,"date":"2025-05-20T20:07:06","date_gmt":"2025-05-20T19:07:06","guid":{"rendered":"https:\/\/blue-flamingo.ch\/?post_type=product&#038;p=1076"},"modified":"2025-05-20T20:07:06","modified_gmt":"2025-05-20T19:07:06","slug":"turquoise-pendant-ring","status":"publish","type":"product","link":"https:\/\/blue-flamingo.ch\/de\/produkt\/turquoise-pendant-ring\/","title":{"rendered":"Turquoise pendant ring"},"content":{"rendered":"<p class=\"whitespace-normal\">This approx. \u00d818mm gold-toned\u00a0 ring is made from durable stainless steel with adjustable sizing. It features a beautiful natural stone centre and an elegant bead suspended from a delicate chain. Its polished finish catches light with minimal maintenance required.<\/p>\n<p>This piece is not handmade by me.<\/p>\n<p>Ich bem\u00fche mich zwar um Genauigkeit, die tats\u00e4chlichen Farben der Produkte k\u00f6nnen jedoch aufgrund unterschiedlicher Lichtverh\u00e4ltnisse beim Fotografieren, der Bildschirmeinstellungen verschiedener Ger\u00e4te und der individuellen Monitorkalibrierung leicht von den Abbildungen abweichen. Diese Farbabweichungen sind normal und stellen keinen Mangel dar.<\/p>","protected":false},"excerpt":{"rendered":"<p>Stainless steel and natural stone ring<\/p>","protected":false},"featured_media":1077,"comment_status":"open","ping_status":"closed","template":"","meta":{"om_disable_all_campaigns":false,"_monsterinsights_skip_tracking":false,"_monsterinsights_sitenote_active":false,"_monsterinsights_sitenote_note":"","_monsterinsights_sitenote_category":0,"_uf_show_specific_survey":0,"_uf_disable_surveys":false},"wpc-collection":[],"product_brand":[],"product_cat":[22,109],"product_tag":[],"class_list":{"0":"post-1076","1":"product","2":"type-product","3":"status-publish","4":"has-post-thumbnail","6":"product_cat-jewellery","7":"product_cat-rings","8":"product_shipping_class-small-items-without-tracking","10":"first","11":"outofstock","12":"sold-individually","13":"shipping-taxable","14":"purchasable","15":"product-type-simple"},"aioseo_notices":[],"jetpack_sharing_enabled":true,"_links":{"self":[{"href":"https:\/\/blue-flamingo.ch\/de\/wp-json\/wp\/v2\/product\/1076","targetHints":{"allow":["GET"]}}],"collection":[{"href":"https:\/\/blue-flamingo.ch\/de\/wp-json\/wp\/v2\/product"}],"about":[{"href":"https:\/\/blue-flamingo.ch\/de\/wp-json\/wp\/v2\/types\/product"}],"replies":[{"embeddable":true,"href":"https:\/\/blue-flamingo.ch\/de\/wp-json\/wp\/v2\/comments?post=1076"}],"wp:featuredmedia":[{"embeddable":true,"href":"https:\/\/blue-flamingo.ch\/de\/wp-json\/wp\/v2\/media\/1077"}],"wp:attachment":[{"href":"https:\/\/blue-flamingo.ch\/de\/wp-json\/wp\/v2\/media?parent=1076"}],"wp:term":[{"taxonomy":"wpc-collection","embeddable":true,"href":"https:\/\/blue-flamingo.ch\/de\/wp-json\/wp\/v2\/wpc-collection?post=1076"},{"taxonomy":"product_brand","embeddable":true,"href":"https:\/\/blue-flamingo.ch\/de\/wp-json\/wp\/v2\/product_brand?post=1076"},{"taxonomy":"product_cat","embeddable":true,"href":"https:\/\/blue-flamingo.ch\/de\/wp-json\/wp\/v2\/product_cat?post=1076"},{"taxonomy":"product_tag","embeddable":true,"href":"https:\/\/blue-flamingo.ch\/de\/wp-json\/wp\/v2\/product_tag?post=1076"}],"curies":[{"name":"wp","href":"https:\/\/api.w.org\/{rel}","templated":true}]}}