{"id":1104,"date":"2025-05-21T08:14:22","date_gmt":"2025-05-21T07:14:22","guid":{"rendered":"https:\/\/blue-flamingo.ch\/?post_type=product&#038;p=1104"},"modified":"2025-05-21T08:14:22","modified_gmt":"2025-05-21T07:14:22","slug":"gold-passion-ring","status":"publish","type":"product","link":"https:\/\/blue-flamingo.ch\/de\/produkt\/gold-passion-ring\/","title":{"rendered":"Gold passion ring"},"content":{"rendered":"<p class=\"whitespace-normal\">This \u00d817-19mm gold-toned heart ring is made from durable stainless steel and features adjustable sizing. Its polished finish catches light with minimal maintenance required.<\/p>\n<p>This piece is not handmade by me.<\/p>\n<p>Ich bem\u00fche mich zwar um Genauigkeit, die tats\u00e4chlichen Farben der Produkte k\u00f6nnen jedoch aufgrund unterschiedlicher Lichtverh\u00e4ltnisse beim Fotografieren, der Bildschirmeinstellungen verschiedener Ger\u00e4te und der individuellen Monitorkalibrierung leicht von den Abbildungen abweichen. Diese Farbabweichungen sind normal und stellen keinen Mangel dar.<\/p>","protected":false},"excerpt":{"rendered":"<p>Stainless steel ring<\/p>","protected":false},"featured_media":1105,"comment_status":"open","ping_status":"closed","template":"","meta":{"om_disable_all_campaigns":false,"_monsterinsights_skip_tracking":false,"_monsterinsights_sitenote_active":false,"_monsterinsights_sitenote_note":"","_monsterinsights_sitenote_category":0,"_uf_show_specific_survey":0,"_uf_disable_surveys":false},"wpc-collection":[],"product_brand":[],"product_cat":[22,109],"product_tag":[],"class_list":{"0":"post-1104","1":"product","2":"type-product","3":"status-publish","4":"has-post-thumbnail","6":"product_cat-jewellery","7":"product_cat-rings","8":"product_shipping_class-small-items-without-tracking","10":"first","11":"instock","12":"sold-individually","13":"shipping-taxable","14":"purchasable","15":"product-type-simple"},"aioseo_notices":[],"jetpack_sharing_enabled":true,"_links":{"self":[{"href":"https:\/\/blue-flamingo.ch\/de\/wp-json\/wp\/v2\/product\/1104","targetHints":{"allow":["GET"]}}],"collection":[{"href":"https:\/\/blue-flamingo.ch\/de\/wp-json\/wp\/v2\/product"}],"about":[{"href":"https:\/\/blue-flamingo.ch\/de\/wp-json\/wp\/v2\/types\/product"}],"replies":[{"embeddable":true,"href":"https:\/\/blue-flamingo.ch\/de\/wp-json\/wp\/v2\/comments?post=1104"}],"wp:featuredmedia":[{"embeddable":true,"href":"https:\/\/blue-flamingo.ch\/de\/wp-json\/wp\/v2\/media\/1105"}],"wp:attachment":[{"href":"https:\/\/blue-flamingo.ch\/de\/wp-json\/wp\/v2\/media?parent=1104"}],"wp:term":[{"taxonomy":"wpc-collection","embeddable":true,"href":"https:\/\/blue-flamingo.ch\/de\/wp-json\/wp\/v2\/wpc-collection?post=1104"},{"taxonomy":"product_brand","embeddable":true,"href":"https:\/\/blue-flamingo.ch\/de\/wp-json\/wp\/v2\/product_brand?post=1104"},{"taxonomy":"product_cat","embeddable":true,"href":"https:\/\/blue-flamingo.ch\/de\/wp-json\/wp\/v2\/product_cat?post=1104"},{"taxonomy":"product_tag","embeddable":true,"href":"https:\/\/blue-flamingo.ch\/de\/wp-json\/wp\/v2\/product_tag?post=1104"}],"curies":[{"name":"wp","href":"https:\/\/api.w.org\/{rel}","templated":true}]}}