{"id":1529,"date":"2025-06-20T09:55:40","date_gmt":"2025-06-20T08:55:40","guid":{"rendered":"https:\/\/blue-flamingo.ch\/?post_type=product&#038;p=1529"},"modified":"2025-06-20T09:55:40","modified_gmt":"2025-06-20T08:55:40","slug":"eden-plant-holder","status":"publish","type":"product","link":"https:\/\/blue-flamingo.ch\/de\/produkt\/eden-plant-holder\/","title":{"rendered":"Eden plant holder"},"content":{"rendered":"<p>A beautiful handmade\u00a0 blue and gold plant hanger suitable for a plant pot or jar with a diameter measuring approximately 9cm. Each hanger is suspended from a 5.5cm (diameter) wooden ring).<\/p>\n<p>The length of the hanger without a pot\/jar is approximately 40cm, however, the size and shape of the pot will affect the total length of the hanger (the larger the pot, the shorter the hanger).<\/p>\n<p>Each glass seed bead and glass crackle bead is lovingly threaded by hand. Please note that sizes and colours of each plant hanger will vary slightly as the size and shapes of the beads will naturally differ.<\/p>\n<p>Please get in touch for custom made hangers! I have a vast selection of colours and am happy to discuss your desired colour schemes.<\/p>\n<p>Not suitable for heavy objects.<\/p>\n<p>&nbsp;<\/p>\n<p>Ich bem\u00fche mich zwar um Genauigkeit, die tats\u00e4chlichen Farben der Produkte k\u00f6nnen jedoch aufgrund unterschiedlicher Lichtverh\u00e4ltnisse beim Fotografieren, der Bildschirmeinstellungen verschiedener Ger\u00e4te und der individuellen Monitorkalibrierung leicht von den Abbildungen abweichen. Diese Farbabweichungen sind normal und stellen keinen Mangel dar.<\/p>","protected":false},"excerpt":{"rendered":"<p>Blue and gold glass bead holder for suspending plant pots or jars<\/p>","protected":false},"featured_media":1530,"comment_status":"open","ping_status":"closed","template":"","meta":{"om_disable_all_campaigns":false,"_monsterinsights_skip_tracking":false,"_monsterinsights_sitenote_active":false,"_monsterinsights_sitenote_note":"","_monsterinsights_sitenote_category":0,"_uf_show_specific_survey":0,"_uf_disable_surveys":false},"wpc-collection":[],"product_brand":[],"product_cat":[113],"product_tag":[],"class_list":{"0":"post-1529","1":"product","2":"type-product","3":"status-publish","4":"has-post-thumbnail","6":"product_cat-plant-hangers","7":"product_shipping_class-small-items-without-tracking","9":"first","10":"instock","11":"sold-individually","12":"shipping-taxable","13":"purchasable","14":"product-type-simple"},"aioseo_notices":[],"jetpack_sharing_enabled":true,"_links":{"self":[{"href":"https:\/\/blue-flamingo.ch\/de\/wp-json\/wp\/v2\/product\/1529","targetHints":{"allow":["GET"]}}],"collection":[{"href":"https:\/\/blue-flamingo.ch\/de\/wp-json\/wp\/v2\/product"}],"about":[{"href":"https:\/\/blue-flamingo.ch\/de\/wp-json\/wp\/v2\/types\/product"}],"replies":[{"embeddable":true,"href":"https:\/\/blue-flamingo.ch\/de\/wp-json\/wp\/v2\/comments?post=1529"}],"wp:featuredmedia":[{"embeddable":true,"href":"https:\/\/blue-flamingo.ch\/de\/wp-json\/wp\/v2\/media\/1530"}],"wp:attachment":[{"href":"https:\/\/blue-flamingo.ch\/de\/wp-json\/wp\/v2\/media?parent=1529"}],"wp:term":[{"taxonomy":"wpc-collection","embeddable":true,"href":"https:\/\/blue-flamingo.ch\/de\/wp-json\/wp\/v2\/wpc-collection?post=1529"},{"taxonomy":"product_brand","embeddable":true,"href":"https:\/\/blue-flamingo.ch\/de\/wp-json\/wp\/v2\/product_brand?post=1529"},{"taxonomy":"product_cat","embeddable":true,"href":"https:\/\/blue-flamingo.ch\/de\/wp-json\/wp\/v2\/product_cat?post=1529"},{"taxonomy":"product_tag","embeddable":true,"href":"https:\/\/blue-flamingo.ch\/de\/wp-json\/wp\/v2\/product_tag?post=1529"}],"curies":[{"name":"wp","href":"https:\/\/api.w.org\/{rel}","templated":true}]}}