{"id":1536,"date":"2025-06-20T10:18:33","date_gmt":"2025-06-20T09:18:33","guid":{"rendered":"https:\/\/blue-flamingo.ch\/?post_type=product&#038;p=1536"},"modified":"2025-06-20T10:18:33","modified_gmt":"2025-06-20T09:18:33","slug":"ocean-plant-holder","status":"publish","type":"product","link":"https:\/\/blue-flamingo.ch\/de\/produkt\/ocean-plant-holder\/","title":{"rendered":"Ocean plant holder"},"content":{"rendered":"<div class=\"wp-block-woocommerce-product-details alignwide\" data-block-name=\"woocommerce\/product-details\">\n<div>\n<div class=\"woocommerce-tabs wc-tabs-wrapper\">\n<div id=\"tab-description\" class=\"woocommerce-Tabs-panel woocommerce-Tabs-panel--description panel entry-content wc-tab\" role=\"tabpanel\" aria-labelledby=\"tab-title-description\">\n<p>A beautiful handmade blue toned plant hanger suitable for a plant pot or jar with a diameter measuring approximately 9cm. Each hanger is suspended from a 5.5cm (diameter) wooden ring).<\/p>\n<p>The length of the hanger without a pot\/jar is approximately 41cm, however, the size and shape of the pot will affect the total length of the hanger (the larger the pot, the shorter the hanger).<\/p>\n<p>Each glass seed bead and glass crackle bead is lovingly threaded by hand. Please note that sizes and colours of each plant hanger will vary slightly as the size and shapes of the beads will naturally differ.<\/p>\n<p>Please get in touch for custom made hangers! I have a vast selection of colours and am happy to discuss your desired colour schemes.<\/p>\n<p>Not suitable for heavy objects.<\/p>\n<p>&nbsp;<\/p>\n<p>Ich bem\u00fche mich zwar um Genauigkeit, die tats\u00e4chlichen Farben der Produkte k\u00f6nnen jedoch aufgrund unterschiedlicher Lichtverh\u00e4ltnisse beim Fotografieren, der Bildschirmeinstellungen verschiedener Ger\u00e4te und der individuellen Monitorkalibrierung leicht von den Abbildungen abweichen. Diese Farbabweichungen sind normal und stellen keinen Mangel dar.<\/p>\n<\/div>\n<\/div>\n<\/div>\n<\/div>\n<div class=\"wp-block-woocommerce-related-products alignwide\" data-block-name=\"woocommerce\/related-products\">\n<div class=\"wp-block-query is-layout-flow wp-block-query-is-layout-flow\"><\/div>\n<\/div>","protected":false},"excerpt":{"rendered":"<p>Blue toned glass bead holder for suspending plant pots or jars<\/p>","protected":false},"featured_media":1537,"comment_status":"open","ping_status":"closed","template":"","meta":{"om_disable_all_campaigns":false,"_monsterinsights_skip_tracking":false,"_monsterinsights_sitenote_active":false,"_monsterinsights_sitenote_note":"","_monsterinsights_sitenote_category":0,"_uf_show_specific_survey":0,"_uf_disable_surveys":false},"wpc-collection":[],"product_brand":[],"product_cat":[113],"product_tag":[],"class_list":{"0":"post-1536","1":"product","2":"type-product","3":"status-publish","4":"has-post-thumbnail","6":"product_cat-plant-hangers","7":"product_shipping_class-small-items-without-tracking","9":"first","10":"instock","11":"sold-individually","12":"shipping-taxable","13":"purchasable","14":"product-type-simple"},"aioseo_notices":[],"jetpack_sharing_enabled":true,"_links":{"self":[{"href":"https:\/\/blue-flamingo.ch\/de\/wp-json\/wp\/v2\/product\/1536","targetHints":{"allow":["GET"]}}],"collection":[{"href":"https:\/\/blue-flamingo.ch\/de\/wp-json\/wp\/v2\/product"}],"about":[{"href":"https:\/\/blue-flamingo.ch\/de\/wp-json\/wp\/v2\/types\/product"}],"replies":[{"embeddable":true,"href":"https:\/\/blue-flamingo.ch\/de\/wp-json\/wp\/v2\/comments?post=1536"}],"wp:featuredmedia":[{"embeddable":true,"href":"https:\/\/blue-flamingo.ch\/de\/wp-json\/wp\/v2\/media\/1537"}],"wp:attachment":[{"href":"https:\/\/blue-flamingo.ch\/de\/wp-json\/wp\/v2\/media?parent=1536"}],"wp:term":[{"taxonomy":"wpc-collection","embeddable":true,"href":"https:\/\/blue-flamingo.ch\/de\/wp-json\/wp\/v2\/wpc-collection?post=1536"},{"taxonomy":"product_brand","embeddable":true,"href":"https:\/\/blue-flamingo.ch\/de\/wp-json\/wp\/v2\/product_brand?post=1536"},{"taxonomy":"product_cat","embeddable":true,"href":"https:\/\/blue-flamingo.ch\/de\/wp-json\/wp\/v2\/product_cat?post=1536"},{"taxonomy":"product_tag","embeddable":true,"href":"https:\/\/blue-flamingo.ch\/de\/wp-json\/wp\/v2\/product_tag?post=1536"}],"curies":[{"name":"wp","href":"https:\/\/api.w.org\/{rel}","templated":true}]}}