{"id":256,"date":"2024-07-02T15:00:23","date_gmt":"2024-07-02T14:00:23","guid":{"rendered":"https:\/\/blue-flamingo.ch\/?post_type=product&#038;p=256"},"modified":"2025-05-19T08:12:40","modified_gmt":"2025-05-19T07:12:40","slug":"fresh-water-pearl-necklace","status":"publish","type":"product","link":"https:\/\/blue-flamingo.ch\/de\/produkt\/fresh-water-pearl-necklace\/","title":{"rendered":"S\u00fcsswasserperlen Halskette"},"content":{"rendered":"<p>S\u00fc\u00dfwasserperlenanh\u00e4nger in Gold und Naturwei\u00df, ca. 13\u201316 x 8\u20139 mm. Bitte beachten Sie, dass jede Perle in Gr\u00f6\u00dfe, Form und Farbe leicht variiert.<\/p>\n<p>Die zarte Edelstahlkette misst am k\u00fcrzesten Glied ca. 41 cm. Mit dem Verl\u00e4ngerungskettchen l\u00e4sst sich die Kette um bis zu 5,5 cm verl\u00e4ngern (maximale L\u00e4nge ca. 46,5 cm).<\/p>\n<p>Ich bem\u00fche mich zwar um Genauigkeit, die tats\u00e4chlichen Farben der Produkte k\u00f6nnen jedoch aufgrund unterschiedlicher Lichtverh\u00e4ltnisse beim Fotografieren, der Bildschirmeinstellungen verschiedener Ger\u00e4te und der individuellen Monitorkalibrierung leicht von den Abbildungen abweichen. Diese Farbabweichungen sind normal und stellen keinen Mangel dar.<\/p>","protected":false},"excerpt":{"rendered":"<p>Halskette aus S\u00fcsswasserperlen<\/p>","protected":false},"featured_media":333,"comment_status":"open","ping_status":"closed","template":"","meta":{"om_disable_all_campaigns":false,"_monsterinsights_skip_tracking":false,"_monsterinsights_sitenote_active":false,"_monsterinsights_sitenote_note":"","_monsterinsights_sitenote_category":0,"_uf_show_specific_survey":0,"_uf_disable_surveys":false},"wpc-collection":[],"product_brand":[],"product_cat":[96,22,37],"product_tag":[],"class_list":{"0":"post-256","1":"product","2":"type-product","3":"status-publish","4":"has-post-thumbnail","6":"product_cat-bestsellers","7":"product_cat-jewellery","8":"product_cat-necklaces","9":"product_shipping_class-small-items-without-tracking","11":"first","12":"outofstock","13":"sold-individually","14":"shipping-taxable","15":"purchasable","16":"product-type-simple"},"aioseo_notices":[],"jetpack_sharing_enabled":true,"_links":{"self":[{"href":"https:\/\/blue-flamingo.ch\/de\/wp-json\/wp\/v2\/product\/256","targetHints":{"allow":["GET"]}}],"collection":[{"href":"https:\/\/blue-flamingo.ch\/de\/wp-json\/wp\/v2\/product"}],"about":[{"href":"https:\/\/blue-flamingo.ch\/de\/wp-json\/wp\/v2\/types\/product"}],"replies":[{"embeddable":true,"href":"https:\/\/blue-flamingo.ch\/de\/wp-json\/wp\/v2\/comments?post=256"}],"wp:featuredmedia":[{"embeddable":true,"href":"https:\/\/blue-flamingo.ch\/de\/wp-json\/wp\/v2\/media\/333"}],"wp:attachment":[{"href":"https:\/\/blue-flamingo.ch\/de\/wp-json\/wp\/v2\/media?parent=256"}],"wp:term":[{"taxonomy":"wpc-collection","embeddable":true,"href":"https:\/\/blue-flamingo.ch\/de\/wp-json\/wp\/v2\/wpc-collection?post=256"},{"taxonomy":"product_brand","embeddable":true,"href":"https:\/\/blue-flamingo.ch\/de\/wp-json\/wp\/v2\/product_brand?post=256"},{"taxonomy":"product_cat","embeddable":true,"href":"https:\/\/blue-flamingo.ch\/de\/wp-json\/wp\/v2\/product_cat?post=256"},{"taxonomy":"product_tag","embeddable":true,"href":"https:\/\/blue-flamingo.ch\/de\/wp-json\/wp\/v2\/product_tag?post=256"}],"curies":[{"name":"wp","href":"https:\/\/api.w.org\/{rel}","templated":true}]}}