{"id":296,"date":"2024-07-07T15:23:10","date_gmt":"2024-07-07T14:23:10","guid":{"rendered":"https:\/\/blue-flamingo.ch\/?post_type=product&#038;p=296"},"modified":"2025-04-30T08:14:00","modified_gmt":"2025-04-30T07:14:00","slug":"blue-morning-stone-stainless-steel-hoop-earrings","status":"publish","type":"product","link":"https:\/\/blue-flamingo.ch\/de\/produkt\/blue-morning-stone-stainless-steel-hoop-earrings\/","title":{"rendered":"Creolen mit Anh\u00e4nger aus blauem Morgenstein"},"content":{"rendered":"<p>Bezaubernde Anh\u00e4nger aus Naturstein in Morgenblau (14 mm \u00d7 8 mm) zeigen die Kunstfertigkeit der Natur mit einzigartigen Farb- und Gr\u00f6\u00dfenvariationen. Diese Statement-Ohrringe h\u00e4ngen an raffinierten, 25 mm gro\u00dfen Creolen aus strukturiertem, goldfarbenem Edelstahl und vereinen nat\u00fcrliche Sch\u00f6nheit mit modernem Design.<\/p>\n<p>Ich bem\u00fche mich zwar um Genauigkeit, die tats\u00e4chlichen Farben der Produkte k\u00f6nnen jedoch aufgrund unterschiedlicher Lichtverh\u00e4ltnisse beim Fotografieren, der Bildschirmeinstellungen verschiedener Ger\u00e4te und der individuellen Monitorkalibrierung leicht von den Abbildungen abweichen. Diese Farbabweichungen sind normal und stellen keinen Mangel dar.<\/p>","protected":false},"excerpt":{"rendered":"<p>Creolen aus Edelstahl mit blauem Morgenstein<\/p>","protected":false},"featured_media":325,"comment_status":"open","ping_status":"closed","template":"","meta":{"om_disable_all_campaigns":false,"_monsterinsights_skip_tracking":false,"_monsterinsights_sitenote_active":false,"_monsterinsights_sitenote_note":"","_monsterinsights_sitenote_category":0,"_uf_show_specific_survey":0,"_uf_disable_surveys":false},"wpc-collection":[],"product_brand":[],"product_cat":[35,22],"product_tag":[],"class_list":{"0":"post-296","1":"product","2":"type-product","3":"status-publish","4":"has-post-thumbnail","6":"product_cat-earrings","7":"product_cat-jewellery","8":"product_shipping_class-small-items-without-tracking","10":"first","11":"instock","12":"sold-individually","13":"shipping-taxable","14":"purchasable","15":"product-type-simple"},"aioseo_notices":[],"jetpack_sharing_enabled":true,"_links":{"self":[{"href":"https:\/\/blue-flamingo.ch\/de\/wp-json\/wp\/v2\/product\/296","targetHints":{"allow":["GET"]}}],"collection":[{"href":"https:\/\/blue-flamingo.ch\/de\/wp-json\/wp\/v2\/product"}],"about":[{"href":"https:\/\/blue-flamingo.ch\/de\/wp-json\/wp\/v2\/types\/product"}],"replies":[{"embeddable":true,"href":"https:\/\/blue-flamingo.ch\/de\/wp-json\/wp\/v2\/comments?post=296"}],"wp:featuredmedia":[{"embeddable":true,"href":"https:\/\/blue-flamingo.ch\/de\/wp-json\/wp\/v2\/media\/325"}],"wp:attachment":[{"href":"https:\/\/blue-flamingo.ch\/de\/wp-json\/wp\/v2\/media?parent=296"}],"wp:term":[{"taxonomy":"wpc-collection","embeddable":true,"href":"https:\/\/blue-flamingo.ch\/de\/wp-json\/wp\/v2\/wpc-collection?post=296"},{"taxonomy":"product_brand","embeddable":true,"href":"https:\/\/blue-flamingo.ch\/de\/wp-json\/wp\/v2\/product_brand?post=296"},{"taxonomy":"product_cat","embeddable":true,"href":"https:\/\/blue-flamingo.ch\/de\/wp-json\/wp\/v2\/product_cat?post=296"},{"taxonomy":"product_tag","embeddable":true,"href":"https:\/\/blue-flamingo.ch\/de\/wp-json\/wp\/v2\/product_tag?post=296"}],"curies":[{"name":"wp","href":"https:\/\/api.w.org\/{rel}","templated":true}]}}