{"id":346,"date":"2024-07-09T10:00:49","date_gmt":"2024-07-09T09:00:49","guid":{"rendered":"https:\/\/blue-flamingo.ch\/?post_type=product&#038;p=346"},"modified":"2025-05-19T08:10:59","modified_gmt":"2025-05-19T07:10:59","slug":"eye-of-providence-necklace","status":"publish","type":"product","link":"https:\/\/blue-flamingo.ch\/de\/produkt\/eye-of-providence-necklace\/","title":{"rendered":"Auge der Vorsehung Halskette"},"content":{"rendered":"<p>Diese elegante Halskette besticht durch einen zierlichen Anh\u00e4nger 'Auge der Vorsehung', kunstvoll gestaltet aus t\u00fcrkisfarbener Emaille und Edelstahl, mit den Massen ca. 13 x 10 mm. Der Anh\u00e4nger h\u00e4ngt an einer feinen 45 cm langen Edelstahlkette mit einer 5 cm langen Verl\u00e4ngerung f\u00fcr vielseitiges Tragen.\n\nBitte beachten Sie, dass die tats\u00e4chlichen Farben der Produkte trotz meines Bem\u00fchens um Genauigkeit leicht von den Abbildungen abweichen k\u00f6nnen. Dies kann auf unterschiedliche Lichtverh\u00e4ltnisse beim Fotografieren, die Anzeigeeinstellungen verschiedener Ger\u00e4te und die individuelle Monitorkalibrierung zur\u00fcckzuf\u00fchren sein. Diese Farbabweichungen sind normal und stellen keinen Mangel dar.<\/p>\n<p>Ich bem\u00fche mich zwar um Genauigkeit, die tats\u00e4chlichen Farben der Produkte k\u00f6nnen jedoch aufgrund unterschiedlicher Lichtverh\u00e4ltnisse beim Fotografieren, der Bildschirmeinstellungen verschiedener Ger\u00e4te und der individuellen Monitorkalibrierung leicht von den Abbildungen abweichen. Diese Farbabweichungen sind normal und stellen keinen Mangel dar.<\/p>","protected":false},"excerpt":{"rendered":"<p>Halskette 'Auge der Vorsehung' aus Emaille und Edelstahl<\/p>","protected":false},"featured_media":347,"comment_status":"open","ping_status":"closed","template":"","meta":{"om_disable_all_campaigns":false,"_monsterinsights_skip_tracking":false,"_monsterinsights_sitenote_active":false,"_monsterinsights_sitenote_note":"","_monsterinsights_sitenote_category":0,"_uf_show_specific_survey":0,"_uf_disable_surveys":false},"wpc-collection":[],"product_brand":[],"product_cat":[22,37],"product_tag":[],"class_list":{"0":"post-346","1":"product","2":"type-product","3":"status-publish","4":"has-post-thumbnail","6":"product_cat-jewellery","7":"product_cat-necklaces","8":"product_shipping_class-small-items-without-tracking","10":"first","11":"instock","12":"shipping-taxable","13":"purchasable","14":"product-type-simple"},"aioseo_notices":[],"jetpack_sharing_enabled":true,"_links":{"self":[{"href":"https:\/\/blue-flamingo.ch\/de\/wp-json\/wp\/v2\/product\/346","targetHints":{"allow":["GET"]}}],"collection":[{"href":"https:\/\/blue-flamingo.ch\/de\/wp-json\/wp\/v2\/product"}],"about":[{"href":"https:\/\/blue-flamingo.ch\/de\/wp-json\/wp\/v2\/types\/product"}],"replies":[{"embeddable":true,"href":"https:\/\/blue-flamingo.ch\/de\/wp-json\/wp\/v2\/comments?post=346"}],"wp:featuredmedia":[{"embeddable":true,"href":"https:\/\/blue-flamingo.ch\/de\/wp-json\/wp\/v2\/media\/347"}],"wp:attachment":[{"href":"https:\/\/blue-flamingo.ch\/de\/wp-json\/wp\/v2\/media?parent=346"}],"wp:term":[{"taxonomy":"wpc-collection","embeddable":true,"href":"https:\/\/blue-flamingo.ch\/de\/wp-json\/wp\/v2\/wpc-collection?post=346"},{"taxonomy":"product_brand","embeddable":true,"href":"https:\/\/blue-flamingo.ch\/de\/wp-json\/wp\/v2\/product_brand?post=346"},{"taxonomy":"product_cat","embeddable":true,"href":"https:\/\/blue-flamingo.ch\/de\/wp-json\/wp\/v2\/product_cat?post=346"},{"taxonomy":"product_tag","embeddable":true,"href":"https:\/\/blue-flamingo.ch\/de\/wp-json\/wp\/v2\/product_tag?post=346"}],"curies":[{"name":"wp","href":"https:\/\/api.w.org\/{rel}","templated":true}]}}