{"id":469,"date":"2024-08-28T10:04:00","date_gmt":"2024-08-28T09:04:00","guid":{"rendered":"https:\/\/blue-flamingo.ch\/?post_type=product&#038;p=469"},"modified":"2025-04-30T13:47:39","modified_gmt":"2025-04-30T12:47:39","slug":"469","status":"publish","type":"product","link":"https:\/\/blue-flamingo.ch\/de\/produkt\/469\/","title":{"rendered":"Ozean Fusskettchen mit M\u00fcnze"},"content":{"rendered":"<p>Versch\u00f6nern Sie Ihren Kn\u00f6chel mit einem Hauch von Boh\u00e8me-Eleganz mit diesem 21 cm langen Fusskettchen aus einer faszinierenden Mischung aus weissen und aquamarinfarbenen Glasperlen. Mit zarten, versilberten Mini-M\u00fcnzanh\u00e4ngern und S\u00fcsswasserperlen verziert und mit einer 5 cm langen Verl\u00e4ngerung f\u00fcr perfekten Sitz versehen, erinnert dieses Schmuckst\u00fcck an eine sonnenverw\u00f6hnte K\u00fcste.<\/p>\n<p>Bitte kontaktieren Sie mich f\u00fcr Sondergr\u00f6ssen.<\/p>\n<p>Ich bem\u00fche mich zwar um Genauigkeit, die tats\u00e4chlichen Farben der Produkte k\u00f6nnen jedoch aufgrund unterschiedlicher Lichtverh\u00e4ltnisse beim Fotografieren, der Bildschirmeinstellungen verschiedener Ger\u00e4te und der individuellen Monitorkalibrierung leicht von den Abbildungen abweichen. Diese Farbabweichungen sind normal und stellen keinen Mangel dar.<\/p>","protected":false},"excerpt":{"rendered":"<p>Fusskettchen aus Rocailles-Perlen mit Miniatur-M\u00fcnzanh\u00e4ngern und S\u00fcsswasserperlen.<\/p>","protected":false},"featured_media":1029,"comment_status":"open","ping_status":"closed","template":"","meta":{"om_disable_all_campaigns":false,"_monsterinsights_skip_tracking":false,"_monsterinsights_sitenote_active":false,"_monsterinsights_sitenote_note":"","_monsterinsights_sitenote_category":0,"_uf_show_specific_survey":0,"_uf_disable_surveys":false},"wpc-collection":[],"product_brand":[],"product_cat":[95,22],"product_tag":[],"class_list":{"0":"post-469","1":"product","2":"type-product","3":"status-publish","4":"has-post-thumbnail","6":"product_cat-anklets","7":"product_cat-jewellery","8":"product_shipping_class-small-items-without-tracking","10":"first","11":"instock","12":"sold-individually","13":"shipping-taxable","14":"purchasable","15":"product-type-simple"},"aioseo_notices":[],"jetpack_sharing_enabled":true,"_links":{"self":[{"href":"https:\/\/blue-flamingo.ch\/de\/wp-json\/wp\/v2\/product\/469","targetHints":{"allow":["GET"]}}],"collection":[{"href":"https:\/\/blue-flamingo.ch\/de\/wp-json\/wp\/v2\/product"}],"about":[{"href":"https:\/\/blue-flamingo.ch\/de\/wp-json\/wp\/v2\/types\/product"}],"replies":[{"embeddable":true,"href":"https:\/\/blue-flamingo.ch\/de\/wp-json\/wp\/v2\/comments?post=469"}],"wp:featuredmedia":[{"embeddable":true,"href":"https:\/\/blue-flamingo.ch\/de\/wp-json\/wp\/v2\/media\/1029"}],"wp:attachment":[{"href":"https:\/\/blue-flamingo.ch\/de\/wp-json\/wp\/v2\/media?parent=469"}],"wp:term":[{"taxonomy":"wpc-collection","embeddable":true,"href":"https:\/\/blue-flamingo.ch\/de\/wp-json\/wp\/v2\/wpc-collection?post=469"},{"taxonomy":"product_brand","embeddable":true,"href":"https:\/\/blue-flamingo.ch\/de\/wp-json\/wp\/v2\/product_brand?post=469"},{"taxonomy":"product_cat","embeddable":true,"href":"https:\/\/blue-flamingo.ch\/de\/wp-json\/wp\/v2\/product_cat?post=469"},{"taxonomy":"product_tag","embeddable":true,"href":"https:\/\/blue-flamingo.ch\/de\/wp-json\/wp\/v2\/product_tag?post=469"}],"curies":[{"name":"wp","href":"https:\/\/api.w.org\/{rel}","templated":true}]}}