{"id":474,"date":"2024-08-29T19:44:58","date_gmt":"2024-08-29T18:44:58","guid":{"rendered":"https:\/\/blue-flamingo.ch\/?post_type=product&#038;p=474"},"modified":"2025-04-30T12:44:27","modified_gmt":"2025-04-30T11:44:27","slug":"ocean-drop-anklet","status":"publish","type":"product","link":"https:\/\/blue-flamingo.ch\/de\/produkt\/ocean-drop-anklet\/","title":{"rendered":"Fusskettchen mit Ozeantropfen"},"content":{"rendered":"<p>Dieses zarte Fusskettchen verbindet die \u00e4therische Sch\u00f6nheit marineblauer und weisser Glasperlen mit dem subtilen Schimmer kleiner, vergoldeter, runder Tropfenanh\u00e4nger und schafft so eine harmonische Balance zwischen ozeanischer Inspiration und raffinierter Eleganz. Fachm\u00e4nnisch gefertigt, mit einer vielseitigen L\u00e4nge von 23 cm und einer zus\u00e4tzlichen 5 cm langen Verl\u00e4ngerungskette, passt sich dieses exquisite Schmuckst\u00fcck m\u00fchelos Ihrer gew\u00fcnschten Passform an und ist somit das perfekte Schmuckst\u00fcck sowohl f\u00fcr entspannte Strandspazierg\u00e4nge als auch f\u00fcr formellere Sommerabende.<\/p>\n<p>Ich bem\u00fche mich zwar um Genauigkeit, die tats\u00e4chlichen Farben der Produkte k\u00f6nnen jedoch aufgrund unterschiedlicher Lichtverh\u00e4ltnisse beim Fotografieren, der Bildschirmeinstellungen verschiedener Ger\u00e4te und der individuellen Monitorkalibrierung leicht von den Abbildungen abweichen. Diese Farbabweichungen sind normal und stellen keinen Mangel dar.<\/p>","protected":false},"excerpt":{"rendered":"<p>Fusskettchen aus Glasperlen mit vergoldeten runden Tropfenanh\u00e4ngern<\/p>","protected":false},"featured_media":1013,"comment_status":"open","ping_status":"closed","template":"","meta":{"om_disable_all_campaigns":false,"_monsterinsights_skip_tracking":false,"_monsterinsights_sitenote_active":false,"_monsterinsights_sitenote_note":"","_monsterinsights_sitenote_category":0,"_uf_show_specific_survey":0,"_uf_disable_surveys":false},"wpc-collection":[],"product_brand":[],"product_cat":[95],"product_tag":[],"class_list":{"0":"post-474","1":"product","2":"type-product","3":"status-publish","4":"has-post-thumbnail","6":"product_cat-anklets","7":"product_shipping_class-small-items-without-tracking","9":"first","10":"instock","11":"sold-individually","12":"shipping-taxable","13":"purchasable","14":"product-type-simple"},"aioseo_notices":[],"jetpack_sharing_enabled":true,"_links":{"self":[{"href":"https:\/\/blue-flamingo.ch\/de\/wp-json\/wp\/v2\/product\/474","targetHints":{"allow":["GET"]}}],"collection":[{"href":"https:\/\/blue-flamingo.ch\/de\/wp-json\/wp\/v2\/product"}],"about":[{"href":"https:\/\/blue-flamingo.ch\/de\/wp-json\/wp\/v2\/types\/product"}],"replies":[{"embeddable":true,"href":"https:\/\/blue-flamingo.ch\/de\/wp-json\/wp\/v2\/comments?post=474"}],"wp:featuredmedia":[{"embeddable":true,"href":"https:\/\/blue-flamingo.ch\/de\/wp-json\/wp\/v2\/media\/1013"}],"wp:attachment":[{"href":"https:\/\/blue-flamingo.ch\/de\/wp-json\/wp\/v2\/media?parent=474"}],"wp:term":[{"taxonomy":"wpc-collection","embeddable":true,"href":"https:\/\/blue-flamingo.ch\/de\/wp-json\/wp\/v2\/wpc-collection?post=474"},{"taxonomy":"product_brand","embeddable":true,"href":"https:\/\/blue-flamingo.ch\/de\/wp-json\/wp\/v2\/product_brand?post=474"},{"taxonomy":"product_cat","embeddable":true,"href":"https:\/\/blue-flamingo.ch\/de\/wp-json\/wp\/v2\/product_cat?post=474"},{"taxonomy":"product_tag","embeddable":true,"href":"https:\/\/blue-flamingo.ch\/de\/wp-json\/wp\/v2\/product_tag?post=474"}],"curies":[{"name":"wp","href":"https:\/\/api.w.org\/{rel}","templated":true}]}}