{"id":478,"date":"2024-08-29T20:09:36","date_gmt":"2024-08-29T19:09:36","guid":{"rendered":"https:\/\/blue-flamingo.ch\/?post_type=product&#038;p=478"},"modified":"2025-05-19T08:13:25","modified_gmt":"2025-05-19T07:13:25","slug":"glass-beaded-necklace-2","status":"publish","type":"product","link":"https:\/\/blue-flamingo.ch\/de\/produkt\/glass-beaded-necklace-2\/","title":{"rendered":"Glasperlen Halskette"},"content":{"rendered":"<p>Diese bezaubernde 38 cm lange Halskette besteht aus einer zarten Kette makellos weisser Glasperlen, kunstvoll durchsetzt mit leuchtenden Marine- und zarten T\u00fcrkis-Akzenten, die einen verspielten und zugleich eleganten Kontrast bilden. Abgerundet durch eine 5 cm lange, herzf\u00f6rmige Verl\u00e4ngerungskette l\u00e4sst sich die L\u00e4nge dieses vielseitigen Schmuckst\u00fccks individuell anpassen und m\u00fchelos von einem eng anliegenden Choker zu einer etwas l\u00e4ngeren Halskette f\u00fcr jeden Ausschnitt und Anlass verwandeln.<\/p>\n<p>Ich bem\u00fche mich zwar um Genauigkeit, die tats\u00e4chlichen Farben der Produkte k\u00f6nnen jedoch aufgrund unterschiedlicher Lichtverh\u00e4ltnisse beim Fotografieren, der Bildschirmeinstellungen verschiedener Ger\u00e4te und der individuellen Monitorkalibrierung leicht von den Abbildungen abweichen. Diese Farbabweichungen sind normal und stellen keinen Mangel dar.<\/p>","protected":false},"excerpt":{"rendered":"<p>Halskette aus weissen und marineblauen Glasperlen<\/p>","protected":false},"featured_media":479,"comment_status":"open","ping_status":"closed","template":"","meta":{"om_disable_all_campaigns":false,"_monsterinsights_skip_tracking":false,"_monsterinsights_sitenote_active":false,"_monsterinsights_sitenote_note":"","_monsterinsights_sitenote_category":0,"_uf_show_specific_survey":0,"_uf_disable_surveys":false},"wpc-collection":[],"product_brand":[],"product_cat":[37],"product_tag":[],"class_list":{"0":"post-478","1":"product","2":"type-product","3":"status-publish","4":"has-post-thumbnail","6":"product_cat-necklaces","7":"product_shipping_class-small-items-without-tracking","9":"first","10":"instock","11":"sold-individually","12":"shipping-taxable","13":"purchasable","14":"product-type-simple"},"aioseo_notices":[],"jetpack_sharing_enabled":true,"_links":{"self":[{"href":"https:\/\/blue-flamingo.ch\/de\/wp-json\/wp\/v2\/product\/478","targetHints":{"allow":["GET"]}}],"collection":[{"href":"https:\/\/blue-flamingo.ch\/de\/wp-json\/wp\/v2\/product"}],"about":[{"href":"https:\/\/blue-flamingo.ch\/de\/wp-json\/wp\/v2\/types\/product"}],"replies":[{"embeddable":true,"href":"https:\/\/blue-flamingo.ch\/de\/wp-json\/wp\/v2\/comments?post=478"}],"wp:featuredmedia":[{"embeddable":true,"href":"https:\/\/blue-flamingo.ch\/de\/wp-json\/wp\/v2\/media\/479"}],"wp:attachment":[{"href":"https:\/\/blue-flamingo.ch\/de\/wp-json\/wp\/v2\/media?parent=478"}],"wp:term":[{"taxonomy":"wpc-collection","embeddable":true,"href":"https:\/\/blue-flamingo.ch\/de\/wp-json\/wp\/v2\/wpc-collection?post=478"},{"taxonomy":"product_brand","embeddable":true,"href":"https:\/\/blue-flamingo.ch\/de\/wp-json\/wp\/v2\/product_brand?post=478"},{"taxonomy":"product_cat","embeddable":true,"href":"https:\/\/blue-flamingo.ch\/de\/wp-json\/wp\/v2\/product_cat?post=478"},{"taxonomy":"product_tag","embeddable":true,"href":"https:\/\/blue-flamingo.ch\/de\/wp-json\/wp\/v2\/product_tag?post=478"}],"curies":[{"name":"wp","href":"https:\/\/api.w.org\/{rel}","templated":true}]}}