{"id":490,"date":"2024-09-04T09:10:35","date_gmt":"2024-09-04T08:10:35","guid":{"rendered":"https:\/\/blue-flamingo.ch\/?post_type=product&#038;p=490"},"modified":"2025-05-19T08:07:56","modified_gmt":"2025-05-19T07:07:56","slug":"sun-stone-beaded-necklace","status":"publish","type":"product","link":"https:\/\/blue-flamingo.ch\/de\/produkt\/sun-stone-beaded-necklace\/","title":{"rendered":"Sonnensteinperlen Halskette"},"content":{"rendered":"<div class=\"font-claude-message pr-4 md:pr-9 relative leading-[1.65rem] [&amp;_pre&gt;div]:bg-bg-300 [&amp;_pre]:-mr-4 md:[&amp;_pre]:-mr-9\">\n<div>\n<div class=\"grid-col-1 grid gap-2.5 [&amp;_&gt;_*]:min-w-0\">\n<p class=\"whitespace-pre-wrap break-words\">Diese wundersch\u00f6ne Halskette kombiniert T\u00fcrkis und Gold f\u00fcr einen auff\u00e4lligen Look. Sie besteht aus einer 40,5 cm langen Perlenkette aus t\u00fcrkisfarbenen und goldenen Glasperlen und einem goldenen Edelstahlanh\u00e4nger mit einem t\u00fcrkisfarbenen Stein als Herzst\u00fcck. Die Halskette wird mit einem Karabinerverschluss geschlossen und verf\u00fcgt \u00fcber eine 5 cm lange Verl\u00e4ngerungskette zum Verstellen der L\u00e4nge.<\/p>\n<p>Ich bem\u00fche mich zwar um Genauigkeit, die tats\u00e4chlichen Farben der Produkte k\u00f6nnen jedoch aufgrund unterschiedlicher Lichtverh\u00e4ltnisse beim Fotografieren, der Bildschirmeinstellungen verschiedener Ger\u00e4te und der individuellen Monitorkalibrierung leicht von den Abbildungen abweichen. Diese Farbabweichungen sind normal und stellen keinen Mangel dar.<\/p>\n<pre id=\"tw-target-text\" class=\"tw-data-text tw-text-large tw-ta\" dir=\"ltr\" data-placeholder=\"Translation\" data-ved=\"2ahUKEwjp-NS26e6MAxW1zwIHHTWXOZEQ3ewLegQICRAU\" aria-label=\"Translated text: Halskette aus Glasperlen mit Sonnensteinanh\u00e4nger aus Edelstahl\"><\/pre>\n<\/div>\n<\/div>\n<\/div>","protected":false},"excerpt":{"rendered":"<p>Halskette aus Glasperlen mit Sonnensteinanh\u00e4nger aus Edelstahl<\/p>","protected":false},"featured_media":492,"comment_status":"open","ping_status":"closed","template":"","meta":{"om_disable_all_campaigns":false,"_monsterinsights_skip_tracking":false,"_monsterinsights_sitenote_active":false,"_monsterinsights_sitenote_note":"","_monsterinsights_sitenote_category":0,"_uf_show_specific_survey":0,"_uf_disable_surveys":false},"wpc-collection":[],"product_brand":[],"product_cat":[37],"product_tag":[],"class_list":{"0":"post-490","1":"product","2":"type-product","3":"status-publish","4":"has-post-thumbnail","6":"product_cat-necklaces","7":"product_shipping_class-small-items-without-tracking","9":"first","10":"instock","11":"sold-individually","12":"shipping-taxable","13":"purchasable","14":"product-type-simple"},"aioseo_notices":[],"jetpack_sharing_enabled":true,"_links":{"self":[{"href":"https:\/\/blue-flamingo.ch\/de\/wp-json\/wp\/v2\/product\/490","targetHints":{"allow":["GET"]}}],"collection":[{"href":"https:\/\/blue-flamingo.ch\/de\/wp-json\/wp\/v2\/product"}],"about":[{"href":"https:\/\/blue-flamingo.ch\/de\/wp-json\/wp\/v2\/types\/product"}],"replies":[{"embeddable":true,"href":"https:\/\/blue-flamingo.ch\/de\/wp-json\/wp\/v2\/comments?post=490"}],"wp:featuredmedia":[{"embeddable":true,"href":"https:\/\/blue-flamingo.ch\/de\/wp-json\/wp\/v2\/media\/492"}],"wp:attachment":[{"href":"https:\/\/blue-flamingo.ch\/de\/wp-json\/wp\/v2\/media?parent=490"}],"wp:term":[{"taxonomy":"wpc-collection","embeddable":true,"href":"https:\/\/blue-flamingo.ch\/de\/wp-json\/wp\/v2\/wpc-collection?post=490"},{"taxonomy":"product_brand","embeddable":true,"href":"https:\/\/blue-flamingo.ch\/de\/wp-json\/wp\/v2\/product_brand?post=490"},{"taxonomy":"product_cat","embeddable":true,"href":"https:\/\/blue-flamingo.ch\/de\/wp-json\/wp\/v2\/product_cat?post=490"},{"taxonomy":"product_tag","embeddable":true,"href":"https:\/\/blue-flamingo.ch\/de\/wp-json\/wp\/v2\/product_tag?post=490"}],"curies":[{"name":"wp","href":"https:\/\/api.w.org\/{rel}","templated":true}]}}