{"id":497,"date":"2024-09-04T10:03:49","date_gmt":"2024-09-04T09:03:49","guid":{"rendered":"https:\/\/blue-flamingo.ch\/?post_type=product&#038;p=497"},"modified":"2025-05-19T08:08:08","modified_gmt":"2025-05-19T07:08:08","slug":"aqua-freshwater-pearl-necklace","status":"publish","type":"product","link":"https:\/\/blue-flamingo.ch\/de\/produkt\/aqua-freshwater-pearl-necklace\/","title":{"rendered":"Aqua S\u00fcsswasserperle Halskette"},"content":{"rendered":"<p>Diese elegante Halskette vereint die K\u00fchle t\u00fcrkisfarbener Rocailles-Perlen mit der strahlenden Sch\u00f6nheit von S\u00fcsswasserperlen. Die 45 cm lange Kette ist mit 4 x 6 mm grossen Perlen besetzt, die eine harmonische Mischung aus Farbe und Textur schaffen. F\u00fcr zus\u00e4tzliche Vielseitigkeit verf\u00fcgt die Kette \u00fcber einen Karabinerverschluss, eine 5 cm lange Herz-Verl\u00e4ngerungskette und funkelnde Abdeckperlen, die dem Gesamtdesign einen Hauch von Glamour verleihen.\n\nBitte beachten Sie, dass die tats\u00e4chlichen Farben der Produkte trotz meines Bem\u00fchens um Genauigkeit leicht von den Abbildungen abweichen k\u00f6nnen. Dies kann auf unterschiedliche Lichtverh\u00e4ltnisse beim Fotografieren, die Anzeigeeinstellungen verschiedener Ger\u00e4te und die individuelle Bildschirmkalibrierung zur\u00fcckzuf\u00fchren sein. Diese Farbabweichungen sind normal und stellen keinen Mangel dar.<\/p>\n<p>Ich bem\u00fche mich zwar um Genauigkeit, die tats\u00e4chlichen Farben der Produkte k\u00f6nnen jedoch aufgrund unterschiedlicher Lichtverh\u00e4ltnisse beim Fotografieren, der Bildschirmeinstellungen verschiedener Ger\u00e4te und der individuellen Monitorkalibrierung leicht von den Abbildungen abweichen. Diese Farbabweichungen sind normal und stellen keinen Mangel dar.<\/p>","protected":false},"excerpt":{"rendered":"<p>Aqua S\u00fcsswasserperle Halskette<\/p>","protected":false},"featured_media":498,"comment_status":"open","ping_status":"closed","template":"","meta":{"om_disable_all_campaigns":false,"_monsterinsights_skip_tracking":false,"_monsterinsights_sitenote_active":false,"_monsterinsights_sitenote_note":"","_monsterinsights_sitenote_category":0,"_uf_show_specific_survey":0,"_uf_disable_surveys":false},"wpc-collection":[],"product_brand":[],"product_cat":[96,37],"product_tag":[],"class_list":{"0":"post-497","1":"product","2":"type-product","3":"status-publish","4":"has-post-thumbnail","6":"product_cat-bestsellers","7":"product_cat-necklaces","8":"product_shipping_class-small-items-without-tracking","10":"first","11":"instock","12":"shipping-taxable","13":"purchasable","14":"product-type-simple"},"aioseo_notices":[],"jetpack_sharing_enabled":true,"_links":{"self":[{"href":"https:\/\/blue-flamingo.ch\/de\/wp-json\/wp\/v2\/product\/497","targetHints":{"allow":["GET"]}}],"collection":[{"href":"https:\/\/blue-flamingo.ch\/de\/wp-json\/wp\/v2\/product"}],"about":[{"href":"https:\/\/blue-flamingo.ch\/de\/wp-json\/wp\/v2\/types\/product"}],"replies":[{"embeddable":true,"href":"https:\/\/blue-flamingo.ch\/de\/wp-json\/wp\/v2\/comments?post=497"}],"wp:featuredmedia":[{"embeddable":true,"href":"https:\/\/blue-flamingo.ch\/de\/wp-json\/wp\/v2\/media\/498"}],"wp:attachment":[{"href":"https:\/\/blue-flamingo.ch\/de\/wp-json\/wp\/v2\/media?parent=497"}],"wp:term":[{"taxonomy":"wpc-collection","embeddable":true,"href":"https:\/\/blue-flamingo.ch\/de\/wp-json\/wp\/v2\/wpc-collection?post=497"},{"taxonomy":"product_brand","embeddable":true,"href":"https:\/\/blue-flamingo.ch\/de\/wp-json\/wp\/v2\/product_brand?post=497"},{"taxonomy":"product_cat","embeddable":true,"href":"https:\/\/blue-flamingo.ch\/de\/wp-json\/wp\/v2\/product_cat?post=497"},{"taxonomy":"product_tag","embeddable":true,"href":"https:\/\/blue-flamingo.ch\/de\/wp-json\/wp\/v2\/product_tag?post=497"}],"curies":[{"name":"wp","href":"https:\/\/api.w.org\/{rel}","templated":true}]}}