{"id":592,"date":"2024-11-19T14:17:24","date_gmt":"2024-11-19T14:17:24","guid":{"rendered":"https:\/\/blue-flamingo.ch\/?post_type=product&#038;p=592"},"modified":"2025-04-30T09:28:20","modified_gmt":"2025-04-30T08:28:20","slug":"green-shimmer-earrings","status":"publish","type":"product","link":"https:\/\/blue-flamingo.ch\/de\/produkt\/green-shimmer-earrings\/","title":{"rendered":"Gr\u00fcn schimmernde Ohrringe"},"content":{"rendered":"<p>Veredeln Sie Ihren Stil mit diesen exquisiten 12 mm grossen, gr\u00fcnen Acrylharz-Scheibenohrringen. Sie sind sorgf\u00e4ltig gefertigt und fangen mit ihrem zarten Goldglitzer-Schimmer Licht und Fantasie ein. Die Ohrringe sind an hypoallergenen Edelstahlbeschl\u00e4gen befestigt und bieten eine perfekte Mischung aus nat\u00fcrlicher Eleganz und moderner Raffinesse. Sie sind das ideale Accessoire f\u00fcr l\u00e4ssige und elegante Outfits.<\/p>\n<p>Bitte beachten Sie, dass die tats\u00e4chlichen Farben der Artikel trotz meiner Bem\u00fchungen um Genauigkeit bei der Produktfotografie leicht von der Darstellung auf Ihrem Bildschirm abweichen k\u00f6nnen. Diese Abweichung kann aufgrund unterschiedlicher Monitoreinstellungen, Ger\u00e4tedarstellungen und Lichtverh\u00e4ltnisse beim Fotografieren auftreten. F\u00fcr eine m\u00f6glichst pr\u00e4zise Farbdarstellung beachten Sie bitte die detaillierten Farbbeschreibungen in meinen Produktlisten.<\/p>","protected":false},"excerpt":{"rendered":"<p>12 mm gr\u00fcne Ohrringe aus Acrylharz mit Edelstahlhaken<\/p>","protected":false},"featured_media":593,"comment_status":"open","ping_status":"closed","template":"","meta":{"om_disable_all_campaigns":false,"_monsterinsights_skip_tracking":false,"_monsterinsights_sitenote_active":false,"_monsterinsights_sitenote_note":"","_monsterinsights_sitenote_category":0,"_uf_show_specific_survey":0,"_uf_disable_surveys":false},"wpc-collection":[],"product_brand":[],"product_cat":[35,22],"product_tag":[],"class_list":{"0":"post-592","1":"product","2":"type-product","3":"status-publish","4":"has-post-thumbnail","6":"product_cat-earrings","7":"product_cat-jewellery","8":"product_shipping_class-small-items-without-tracking","10":"first","11":"instock","12":"shipping-taxable","13":"purchasable","14":"product-type-simple"},"aioseo_notices":[],"jetpack_sharing_enabled":true,"_links":{"self":[{"href":"https:\/\/blue-flamingo.ch\/de\/wp-json\/wp\/v2\/product\/592","targetHints":{"allow":["GET"]}}],"collection":[{"href":"https:\/\/blue-flamingo.ch\/de\/wp-json\/wp\/v2\/product"}],"about":[{"href":"https:\/\/blue-flamingo.ch\/de\/wp-json\/wp\/v2\/types\/product"}],"replies":[{"embeddable":true,"href":"https:\/\/blue-flamingo.ch\/de\/wp-json\/wp\/v2\/comments?post=592"}],"wp:featuredmedia":[{"embeddable":true,"href":"https:\/\/blue-flamingo.ch\/de\/wp-json\/wp\/v2\/media\/593"}],"wp:attachment":[{"href":"https:\/\/blue-flamingo.ch\/de\/wp-json\/wp\/v2\/media?parent=592"}],"wp:term":[{"taxonomy":"wpc-collection","embeddable":true,"href":"https:\/\/blue-flamingo.ch\/de\/wp-json\/wp\/v2\/wpc-collection?post=592"},{"taxonomy":"product_brand","embeddable":true,"href":"https:\/\/blue-flamingo.ch\/de\/wp-json\/wp\/v2\/product_brand?post=592"},{"taxonomy":"product_cat","embeddable":true,"href":"https:\/\/blue-flamingo.ch\/de\/wp-json\/wp\/v2\/product_cat?post=592"},{"taxonomy":"product_tag","embeddable":true,"href":"https:\/\/blue-flamingo.ch\/de\/wp-json\/wp\/v2\/product_tag?post=592"}],"curies":[{"name":"wp","href":"https:\/\/api.w.org\/{rel}","templated":true}]}}