{"id":607,"date":"2024-11-19T15:37:27","date_gmt":"2024-11-19T15:37:27","guid":{"rendered":"https:\/\/blue-flamingo.ch\/?post_type=product&#038;p=607"},"modified":"2025-05-19T08:06:45","modified_gmt":"2025-05-19T07:06:45","slug":"enamel-pendant-necklace","status":"publish","type":"product","link":"https:\/\/blue-flamingo.ch\/de\/produkt\/enamel-pendant-necklace\/","title":{"rendered":"Emaille pendant Halsketten"},"content":{"rendered":"<p>Diese zeitlose Edelstahlkette besticht durch einen markanten Emaille-Anh\u00e4nger mit markantem, geometrischem Design. Die 41 cm lange Kette verf\u00fcgt \u00fcber eine 5 cm lange Verl\u00e4ngerung zur L\u00e4ngenverstellung. Das einzigartige Emaille-Finish und die aufwendigen Details machen dieses Accessoire zu einem bezaubernden Schmuckst\u00fcck, das jedem Outfit eine elegante Note verleiht.\n\nBitte beachten Sie, dass die tats\u00e4chlichen Farben der Produkte trotz meiner Bem\u00fchungen um Genauigkeit leicht von den Abbildungen abweichen k\u00f6nnen. Dies kann auf unterschiedliche Lichtverh\u00e4ltnisse beim Fotografieren, die Anzeigeeinstellungen verschiedener Ger\u00e4te und die individuelle Monitorkalibrierung zur\u00fcckzuf\u00fchren sein. Diese Farbabweichungen sind normal und stellen keinen Mangel dar.<\/p>\n<p>Ich bem\u00fche mich zwar um Genauigkeit, die tats\u00e4chlichen Farben der Produkte k\u00f6nnen jedoch aufgrund unterschiedlicher Lichtverh\u00e4ltnisse beim Fotografieren, der Bildschirmeinstellungen verschiedener Ger\u00e4te und der individuellen Monitorkalibrierung leicht von den Abbildungen abweichen. Diese Farbabweichungen sind normal und stellen keinen Mangel dar.<\/p>\n<p>&nbsp;<\/p>","protected":false},"excerpt":{"rendered":"<p>Emaille-Anh\u00e4nger an einer 41\u201346 cm langen Edelstahlkette<\/p>","protected":false},"featured_media":608,"comment_status":"open","ping_status":"closed","template":"","meta":{"om_disable_all_campaigns":false,"_monsterinsights_skip_tracking":false,"_monsterinsights_sitenote_active":false,"_monsterinsights_sitenote_note":"","_monsterinsights_sitenote_category":0,"_uf_show_specific_survey":0,"_uf_disable_surveys":false},"wpc-collection":[],"product_brand":[],"product_cat":[22,37],"product_tag":[],"class_list":{"0":"post-607","1":"product","2":"type-product","3":"status-publish","4":"has-post-thumbnail","6":"product_cat-jewellery","7":"product_cat-necklaces","8":"product_shipping_class-small-items-without-tracking","10":"first","11":"instock","12":"shipping-taxable","13":"purchasable","14":"product-type-simple"},"aioseo_notices":[],"jetpack_sharing_enabled":true,"_links":{"self":[{"href":"https:\/\/blue-flamingo.ch\/de\/wp-json\/wp\/v2\/product\/607","targetHints":{"allow":["GET"]}}],"collection":[{"href":"https:\/\/blue-flamingo.ch\/de\/wp-json\/wp\/v2\/product"}],"about":[{"href":"https:\/\/blue-flamingo.ch\/de\/wp-json\/wp\/v2\/types\/product"}],"replies":[{"embeddable":true,"href":"https:\/\/blue-flamingo.ch\/de\/wp-json\/wp\/v2\/comments?post=607"}],"wp:featuredmedia":[{"embeddable":true,"href":"https:\/\/blue-flamingo.ch\/de\/wp-json\/wp\/v2\/media\/608"}],"wp:attachment":[{"href":"https:\/\/blue-flamingo.ch\/de\/wp-json\/wp\/v2\/media?parent=607"}],"wp:term":[{"taxonomy":"wpc-collection","embeddable":true,"href":"https:\/\/blue-flamingo.ch\/de\/wp-json\/wp\/v2\/wpc-collection?post=607"},{"taxonomy":"product_brand","embeddable":true,"href":"https:\/\/blue-flamingo.ch\/de\/wp-json\/wp\/v2\/product_brand?post=607"},{"taxonomy":"product_cat","embeddable":true,"href":"https:\/\/blue-flamingo.ch\/de\/wp-json\/wp\/v2\/product_cat?post=607"},{"taxonomy":"product_tag","embeddable":true,"href":"https:\/\/blue-flamingo.ch\/de\/wp-json\/wp\/v2\/product_tag?post=607"}],"curies":[{"name":"wp","href":"https:\/\/api.w.org\/{rel}","templated":true}]}}