{"id":609,"date":"2024-11-19T15:44:50","date_gmt":"2024-11-19T15:44:50","guid":{"rendered":"https:\/\/blue-flamingo.ch\/?post_type=product&#038;p=609"},"modified":"2025-04-30T16:11:16","modified_gmt":"2025-04-30T15:11:16","slug":"silver-tassle-earrings-in-hot-pink","status":"publish","type":"product","link":"https:\/\/blue-flamingo.ch\/de\/produkt\/silver-tassle-earrings-in-hot-pink\/","title":{"rendered":"Silver tassle earrings in hot pink"},"content":{"rendered":"<p>Diese schicken Ohrringe aus 925er Sterlingsilber bestechen durch zarte pinkfarbene Quasten f\u00fcr einen verspielten, raffinierten Look. Das schlichte und zugleich auff\u00e4llige Design macht diese Ohrringe zu einem vielseitigen Accessoire, das zu vielen Outfits passt.<\/p>\n<p>Ich bem\u00fche mich zwar um Genauigkeit, die tats\u00e4chlichen Farben der Produkte k\u00f6nnen jedoch aufgrund unterschiedlicher Lichtverh\u00e4ltnisse beim Fotografieren, der Bildschirmeinstellungen verschiedener Ger\u00e4te und der individuellen Monitorkalibrierung leicht von den Abbildungen abweichen. Diese Farbabweichungen sind normal und stellen keinen Mangel dar.<\/p>","protected":false},"excerpt":{"rendered":"<p>925 sterling silver earrings with hot pink mini tassles<\/p>","protected":false},"featured_media":610,"comment_status":"open","ping_status":"closed","template":"","meta":{"om_disable_all_campaigns":false,"_monsterinsights_skip_tracking":false,"_monsterinsights_sitenote_active":false,"_monsterinsights_sitenote_note":"","_monsterinsights_sitenote_category":0,"_uf_show_specific_survey":0,"_uf_disable_surveys":false},"wpc-collection":[],"product_brand":[],"product_cat":[96,35,22],"product_tag":[],"class_list":{"0":"post-609","1":"product","2":"type-product","3":"status-publish","4":"has-post-thumbnail","6":"product_cat-bestsellers","7":"product_cat-earrings","8":"product_cat-jewellery","9":"product_shipping_class-small-items-without-tracking","11":"first","12":"instock","13":"sold-individually","14":"shipping-taxable","15":"purchasable","16":"product-type-simple"},"aioseo_notices":[],"jetpack_sharing_enabled":true,"_links":{"self":[{"href":"https:\/\/blue-flamingo.ch\/de\/wp-json\/wp\/v2\/product\/609","targetHints":{"allow":["GET"]}}],"collection":[{"href":"https:\/\/blue-flamingo.ch\/de\/wp-json\/wp\/v2\/product"}],"about":[{"href":"https:\/\/blue-flamingo.ch\/de\/wp-json\/wp\/v2\/types\/product"}],"replies":[{"embeddable":true,"href":"https:\/\/blue-flamingo.ch\/de\/wp-json\/wp\/v2\/comments?post=609"}],"wp:featuredmedia":[{"embeddable":true,"href":"https:\/\/blue-flamingo.ch\/de\/wp-json\/wp\/v2\/media\/610"}],"wp:attachment":[{"href":"https:\/\/blue-flamingo.ch\/de\/wp-json\/wp\/v2\/media?parent=609"}],"wp:term":[{"taxonomy":"wpc-collection","embeddable":true,"href":"https:\/\/blue-flamingo.ch\/de\/wp-json\/wp\/v2\/wpc-collection?post=609"},{"taxonomy":"product_brand","embeddable":true,"href":"https:\/\/blue-flamingo.ch\/de\/wp-json\/wp\/v2\/product_brand?post=609"},{"taxonomy":"product_cat","embeddable":true,"href":"https:\/\/blue-flamingo.ch\/de\/wp-json\/wp\/v2\/product_cat?post=609"},{"taxonomy":"product_tag","embeddable":true,"href":"https:\/\/blue-flamingo.ch\/de\/wp-json\/wp\/v2\/product_tag?post=609"}],"curies":[{"name":"wp","href":"https:\/\/api.w.org\/{rel}","templated":true}]}}