{"id":710,"date":"2025-01-15T07:51:54","date_gmt":"2025-01-15T07:51:54","guid":{"rendered":"https:\/\/blue-flamingo.ch\/?post_type=product&#038;p=710"},"modified":"2025-01-15T12:49:09","modified_gmt":"2025-01-15T12:49:09","slug":"purple-swarovski-hoops","status":"publish","type":"product","link":"https:\/\/blue-flamingo.ch\/de\/produkt\/purple-swarovski-hoops\/","title":{"rendered":"Lila Swarovski Creolen"},"content":{"rendered":"<div class=\"font-claude-message pr-4 md:pr-9 relative leading-[1.65rem] [&amp;_pre&gt;div]:bg-bg-300 [&amp;_.ignore-pre-bg&gt;div]:bg-transparent [&amp;_pre]:-mr-4 md:[&amp;_pre]:-mr-9\">\n<div>\n<div class=\"grid-cols-1 grid gap-2.5 [&amp;_&gt;_*]:min-w-0\">\n<p class=\"whitespace-pre-wrap break-words\">Diese zeitlosen 25 mm grossen Creolen aus Edelstahl sind mit wundersch\u00f6nen lila Swarovski-Kristallen und t\u00fcrkisfarbenen Glasperlen verziert. Jedes handgefertigte St\u00fcck vereint Langlebigkeit mit filigranen Details und schafft so ein vielseitiges Design, das perfekt zu jedem Anlass passt.<\/p>\n<\/div>\n<\/div>\n<p>Bitte beachten Sie, dass die tats\u00e4chlichen Farben der Artikel trotz unserer Sorgfalt bei der Produktfotografie leicht von der Darstellung auf Ihrem Bildschirm abweichen k\u00f6nnen. Diese Abweichung kann durch unterschiedliche Monitoreinstellungen, Ger\u00e4tedarstellungen und Lichtverh\u00e4ltnisse beim Fotografieren entstehen. F\u00fcr eine m\u00f6glichst pr\u00e4zise Farbdarstellung beachten Sie bitte die detaillierten Farbbeschreibungen in unseren Produktlisten.<\/p>\n<\/div>\n<div class=\"absolute -bottom-0 -right-1.5\">\n<div class=\"border-0.5 border-border-300 flex items-center translate-y-1\/2 rounded-lg shadow-sm transition bg-bg-000 p-1\">\n<div class=\"text-text-400 flex items-stretch justify-between gap-0.5\">\n<div class=\"flex gap-0.5\"><\/div>\n<\/div>\n<\/div>\n<\/div>","protected":false},"excerpt":{"rendered":"<p>25 mm Edelstahl-Creolen mit Swarovski- und Glasperlen<\/p>","protected":false},"featured_media":711,"comment_status":"open","ping_status":"closed","template":"","meta":{"om_disable_all_campaigns":false,"_monsterinsights_skip_tracking":false,"_monsterinsights_sitenote_active":false,"_monsterinsights_sitenote_note":"","_monsterinsights_sitenote_category":0,"_uf_show_specific_survey":0,"_uf_disable_surveys":false},"wpc-collection":[],"product_brand":[],"product_cat":[35,22],"product_tag":[],"class_list":{"0":"post-710","1":"product","2":"type-product","3":"status-publish","4":"has-post-thumbnail","6":"product_cat-earrings","7":"product_cat-jewellery","8":"product_shipping_class-small-items-without-tracking","10":"first","11":"instock","12":"sold-individually","13":"shipping-taxable","14":"purchasable","15":"product-type-simple"},"aioseo_notices":[],"jetpack_sharing_enabled":true,"_links":{"self":[{"href":"https:\/\/blue-flamingo.ch\/de\/wp-json\/wp\/v2\/product\/710","targetHints":{"allow":["GET"]}}],"collection":[{"href":"https:\/\/blue-flamingo.ch\/de\/wp-json\/wp\/v2\/product"}],"about":[{"href":"https:\/\/blue-flamingo.ch\/de\/wp-json\/wp\/v2\/types\/product"}],"replies":[{"embeddable":true,"href":"https:\/\/blue-flamingo.ch\/de\/wp-json\/wp\/v2\/comments?post=710"}],"wp:featuredmedia":[{"embeddable":true,"href":"https:\/\/blue-flamingo.ch\/de\/wp-json\/wp\/v2\/media\/711"}],"wp:attachment":[{"href":"https:\/\/blue-flamingo.ch\/de\/wp-json\/wp\/v2\/media?parent=710"}],"wp:term":[{"taxonomy":"wpc-collection","embeddable":true,"href":"https:\/\/blue-flamingo.ch\/de\/wp-json\/wp\/v2\/wpc-collection?post=710"},{"taxonomy":"product_brand","embeddable":true,"href":"https:\/\/blue-flamingo.ch\/de\/wp-json\/wp\/v2\/product_brand?post=710"},{"taxonomy":"product_cat","embeddable":true,"href":"https:\/\/blue-flamingo.ch\/de\/wp-json\/wp\/v2\/product_cat?post=710"},{"taxonomy":"product_tag","embeddable":true,"href":"https:\/\/blue-flamingo.ch\/de\/wp-json\/wp\/v2\/product_tag?post=710"}],"curies":[{"name":"wp","href":"https:\/\/api.w.org\/{rel}","templated":true}]}}