{"id":713,"date":"2025-01-15T08:04:35","date_gmt":"2025-01-15T08:04:35","guid":{"rendered":"https:\/\/blue-flamingo.ch\/?post_type=product&#038;p=713"},"modified":"2025-01-15T12:48:24","modified_gmt":"2025-01-15T12:48:24","slug":"blue-swarovski-hoops","status":"publish","type":"product","link":"https:\/\/blue-flamingo.ch\/de\/produkt\/blue-swarovski-hoops\/","title":{"rendered":"Blaue Swarovski Creolen"},"content":{"rendered":"<p>Diese zeitlosen 25-mm-Edelstahl-Creolen sind mit wundersch\u00f6nen blauen Swarovski-Kristallen und babyblauen Glasperlen verziert. Jedes handgefertigte St\u00fcck vereint Langlebigkeit mit filigranen Details und schafft so ein vielseitiges Design, das perfekt zu jedem Anlass passt.<\/p>\n<p>&nbsp;<\/p>\n<p>Bitte beachten Sie, dass die tats\u00e4chlichen Farben der Artikel trotz unserer Sorgfalt bei der Produktfotografie leicht von der Darstellung auf Ihrem Bildschirm abweichen k\u00f6nnen. Diese Abweichung kann durch unterschiedliche Monitoreinstellungen, Ger\u00e4tedarstellungen und Lichtverh\u00e4ltnisse beim Fotografieren entstehen. F\u00fcr eine m\u00f6glichst pr\u00e4zise Farbdarstellung beachten Sie bitte die detaillierten Farbbeschreibungen in unseren Produktlisten.<\/p>","protected":false},"excerpt":{"rendered":"<p>Creolen aus Edelstahl mit Swarovski- und Glasperlen<\/p>","protected":false},"featured_media":714,"comment_status":"open","ping_status":"closed","template":"","meta":{"om_disable_all_campaigns":false,"_monsterinsights_skip_tracking":false,"_monsterinsights_sitenote_active":false,"_monsterinsights_sitenote_note":"","_monsterinsights_sitenote_category":0,"_uf_show_specific_survey":0,"_uf_disable_surveys":false},"wpc-collection":[],"product_brand":[],"product_cat":[35,22],"product_tag":[],"class_list":{"0":"post-713","1":"product","2":"type-product","3":"status-publish","4":"has-post-thumbnail","6":"product_cat-earrings","7":"product_cat-jewellery","8":"product_shipping_class-small-items-without-tracking","10":"first","11":"instock","12":"sold-individually","13":"shipping-taxable","14":"purchasable","15":"product-type-simple"},"aioseo_notices":[],"jetpack_sharing_enabled":true,"_links":{"self":[{"href":"https:\/\/blue-flamingo.ch\/de\/wp-json\/wp\/v2\/product\/713","targetHints":{"allow":["GET"]}}],"collection":[{"href":"https:\/\/blue-flamingo.ch\/de\/wp-json\/wp\/v2\/product"}],"about":[{"href":"https:\/\/blue-flamingo.ch\/de\/wp-json\/wp\/v2\/types\/product"}],"replies":[{"embeddable":true,"href":"https:\/\/blue-flamingo.ch\/de\/wp-json\/wp\/v2\/comments?post=713"}],"wp:featuredmedia":[{"embeddable":true,"href":"https:\/\/blue-flamingo.ch\/de\/wp-json\/wp\/v2\/media\/714"}],"wp:attachment":[{"href":"https:\/\/blue-flamingo.ch\/de\/wp-json\/wp\/v2\/media?parent=713"}],"wp:term":[{"taxonomy":"wpc-collection","embeddable":true,"href":"https:\/\/blue-flamingo.ch\/de\/wp-json\/wp\/v2\/wpc-collection?post=713"},{"taxonomy":"product_brand","embeddable":true,"href":"https:\/\/blue-flamingo.ch\/de\/wp-json\/wp\/v2\/product_brand?post=713"},{"taxonomy":"product_cat","embeddable":true,"href":"https:\/\/blue-flamingo.ch\/de\/wp-json\/wp\/v2\/product_cat?post=713"},{"taxonomy":"product_tag","embeddable":true,"href":"https:\/\/blue-flamingo.ch\/de\/wp-json\/wp\/v2\/product_tag?post=713"}],"curies":[{"name":"wp","href":"https:\/\/api.w.org\/{rel}","templated":true}]}}