{"id":854,"date":"2025-03-21T09:00:05","date_gmt":"2025-03-21T09:00:05","guid":{"rendered":"https:\/\/blue-flamingo.ch\/?post_type=product&#038;p=854"},"modified":"2025-04-30T11:26:59","modified_gmt":"2025-04-30T10:26:59","slug":"smiley-earrings","status":"publish","type":"product","link":"https:\/\/blue-flamingo.ch\/de\/produkt\/smiley-earrings\/","title":{"rendered":"Smiley Ohrringe"},"content":{"rendered":"<p>Diese fr\u00f6hlichen Smiley-Charm-Ohrringe aus Edelstahl und Emaille verleihen Ihrem Tag einen Hauch von verspieltem Stil. Dank der sicheren Haken sind sie f\u00fcr Kinder ab 3 Jahren sicher zu tragen. Die bezaubernden 11 x 13 mm grossen Anh\u00e4nger haben die perfekte Gr\u00f6sse f\u00fcr kleine Ohren (und Erwachsene gleichermassen) und bieten dank ihrer hochwertigen Edelstahlkonstruktion dauerhaften, hypoallergenen Tragekomfort.<\/p>\n<p>Dies ist kein Spielzeug. Nicht f\u00fcr Kleinkinder geeignet. Enth\u00e4lt Kleinteile.<\/p>\n<p>Bitte beachten Sie, dass die tats\u00e4chlichen Farben der Artikel trotz meiner Bem\u00fchungen um Genauigkeit bei der Produktfotografie leicht von der Darstellung auf Ihrem Bildschirm abweichen k\u00f6nnen. Diese Abweichung kann aufgrund unterschiedlicher Monitoreinstellungen, Ger\u00e4tedarstellungen und Lichtverh\u00e4ltnisse beim Fotografieren auftreten. F\u00fcr eine m\u00f6glichst pr\u00e4zise Farbdarstellung beachten Sie bitte die detaillierten Farbbeschreibungen in meinen Produktlisten.<\/p>","protected":false},"excerpt":{"rendered":"<p>Smiley Ohrringe aus Edelstahl mit beiliegenden Ohrringhaken<\/p>","protected":false},"featured_media":999,"comment_status":"open","ping_status":"closed","template":"","meta":{"om_disable_all_campaigns":false,"_monsterinsights_skip_tracking":false,"_monsterinsights_sitenote_active":false,"_monsterinsights_sitenote_note":"","_monsterinsights_sitenote_category":0,"_uf_show_specific_survey":0,"_uf_disable_surveys":false},"wpc-collection":[],"product_brand":[],"product_cat":[97,35,22],"product_tag":[],"class_list":{"0":"post-854","1":"product","2":"type-product","3":"status-publish","4":"has-post-thumbnail","6":"product_cat-childrensjewellery","7":"product_cat-earrings","8":"product_cat-jewellery","9":"product_shipping_class-small-items-without-tracking","11":"first","12":"instock","13":"sold-individually","14":"shipping-taxable","15":"purchasable","16":"product-type-simple"},"aioseo_notices":[],"jetpack_sharing_enabled":true,"_links":{"self":[{"href":"https:\/\/blue-flamingo.ch\/de\/wp-json\/wp\/v2\/product\/854","targetHints":{"allow":["GET"]}}],"collection":[{"href":"https:\/\/blue-flamingo.ch\/de\/wp-json\/wp\/v2\/product"}],"about":[{"href":"https:\/\/blue-flamingo.ch\/de\/wp-json\/wp\/v2\/types\/product"}],"replies":[{"embeddable":true,"href":"https:\/\/blue-flamingo.ch\/de\/wp-json\/wp\/v2\/comments?post=854"}],"wp:featuredmedia":[{"embeddable":true,"href":"https:\/\/blue-flamingo.ch\/de\/wp-json\/wp\/v2\/media\/999"}],"wp:attachment":[{"href":"https:\/\/blue-flamingo.ch\/de\/wp-json\/wp\/v2\/media?parent=854"}],"wp:term":[{"taxonomy":"wpc-collection","embeddable":true,"href":"https:\/\/blue-flamingo.ch\/de\/wp-json\/wp\/v2\/wpc-collection?post=854"},{"taxonomy":"product_brand","embeddable":true,"href":"https:\/\/blue-flamingo.ch\/de\/wp-json\/wp\/v2\/product_brand?post=854"},{"taxonomy":"product_cat","embeddable":true,"href":"https:\/\/blue-flamingo.ch\/de\/wp-json\/wp\/v2\/product_cat?post=854"},{"taxonomy":"product_tag","embeddable":true,"href":"https:\/\/blue-flamingo.ch\/de\/wp-json\/wp\/v2\/product_tag?post=854"}],"curies":[{"name":"wp","href":"https:\/\/api.w.org\/{rel}","templated":true}]}}