{"id":858,"date":"2025-03-21T09:00:32","date_gmt":"2025-03-21T09:00:32","guid":{"rendered":"https:\/\/blue-flamingo.ch\/?post_type=product&#038;p=858"},"modified":"2025-11-19T09:12:59","modified_gmt":"2025-11-19T09:12:59","slug":"dasiy-earrings","status":"publish","type":"product","link":"https:\/\/blue-flamingo.ch\/de\/produkt\/dasiy-earrings\/","title":{"rendered":"G\u00e4nsebl\u00fcmchen-Ohrringe"},"content":{"rendered":"<p>Diese zarten G\u00e4nsebl\u00fcmchen-Anh\u00e4nger aus Edelstahl und Emaille verleihen der Schmucksammlung Ihres Kindes einen Hauch floraler Eleganz. Dank der sicheren Haken k\u00f6nnen Kinder ab 3 Jahren sie sicher tragen. Die bezaubernden 13 x 10 mm grossen G\u00e4nsebl\u00fcmchen-Anh\u00e4nger haben die perfekte Gr\u00f6sse f\u00fcr kleine (und grosse) Ohren und bieten dank ihrer robusten Edelstahlkonstruktion hypoallergenen Tragekomfort. Das G\u00e4nsebl\u00fcmchen hat eine goldene Mitte mit weissen Bl\u00fctenbl\u00e4ttern.<\/p>\n<p>Sicherheitshinweis: Enth\u00e4lt Kleinteile. Nicht geeignet f\u00fcr Babys und Kinder unter 3 Jahren. Dies ist kein Spielzeug und besondere Vorsicht ist geboten.<\/p>\n<p>Bitte beachten Sie, dass die tats\u00e4chlichen Farben der Artikel trotz meiner Bem\u00fchungen um Genauigkeit bei der Produktfotografie leicht von der Darstellung auf Ihrem Bildschirm abweichen k\u00f6nnen. Diese Abweichung kann aufgrund unterschiedlicher Monitoreinstellungen, Ger\u00e4tedarstellungen und Lichtverh\u00e4ltnisse beim Fotografieren auftreten. F\u00fcr eine m\u00f6glichst pr\u00e4zise Farbdarstellung beachten Sie bitte die detaillierten Farbbeschreibungen in meinen Produktlisten.<\/p>","protected":false},"excerpt":{"rendered":"<p>G\u00e4nsebl\u00fcmchenohrringe aus Edelstahl und Emaille mit eingefassten Ohrringhaken aus Edelstahl<\/p>","protected":false},"featured_media":1001,"comment_status":"open","ping_status":"closed","template":"","meta":{"om_disable_all_campaigns":false,"_monsterinsights_skip_tracking":false,"_monsterinsights_sitenote_active":false,"_monsterinsights_sitenote_note":"","_monsterinsights_sitenote_category":0,"_uf_show_specific_survey":0,"_uf_disable_surveys":false},"wpc-collection":[],"product_brand":[],"product_cat":[97,35,22],"product_tag":[],"class_list":{"0":"post-858","1":"product","2":"type-product","3":"status-publish","4":"has-post-thumbnail","6":"product_cat-childrensjewellery","7":"product_cat-earrings","8":"product_cat-jewellery","9":"product_shipping_class-small-items-without-tracking","11":"first","12":"onbackorder","13":"sold-individually","14":"shipping-taxable","15":"purchasable","16":"product-type-simple"},"aioseo_notices":[],"jetpack_sharing_enabled":true,"_links":{"self":[{"href":"https:\/\/blue-flamingo.ch\/de\/wp-json\/wp\/v2\/product\/858","targetHints":{"allow":["GET"]}}],"collection":[{"href":"https:\/\/blue-flamingo.ch\/de\/wp-json\/wp\/v2\/product"}],"about":[{"href":"https:\/\/blue-flamingo.ch\/de\/wp-json\/wp\/v2\/types\/product"}],"replies":[{"embeddable":true,"href":"https:\/\/blue-flamingo.ch\/de\/wp-json\/wp\/v2\/comments?post=858"}],"wp:featuredmedia":[{"embeddable":true,"href":"https:\/\/blue-flamingo.ch\/de\/wp-json\/wp\/v2\/media\/1001"}],"wp:attachment":[{"href":"https:\/\/blue-flamingo.ch\/de\/wp-json\/wp\/v2\/media?parent=858"}],"wp:term":[{"taxonomy":"wpc-collection","embeddable":true,"href":"https:\/\/blue-flamingo.ch\/de\/wp-json\/wp\/v2\/wpc-collection?post=858"},{"taxonomy":"product_brand","embeddable":true,"href":"https:\/\/blue-flamingo.ch\/de\/wp-json\/wp\/v2\/product_brand?post=858"},{"taxonomy":"product_cat","embeddable":true,"href":"https:\/\/blue-flamingo.ch\/de\/wp-json\/wp\/v2\/product_cat?post=858"},{"taxonomy":"product_tag","embeddable":true,"href":"https:\/\/blue-flamingo.ch\/de\/wp-json\/wp\/v2\/product_tag?post=858"}],"curies":[{"name":"wp","href":"https:\/\/api.w.org\/{rel}","templated":true}]}}