{"id":860,"date":"2025-03-21T09:00:40","date_gmt":"2025-03-21T09:00:40","guid":{"rendered":"https:\/\/blue-flamingo.ch\/?post_type=product&#038;p=860"},"modified":"2025-04-01T20:16:23","modified_gmt":"2025-04-01T19:16:23","slug":"wildflower-pearl-drop-earrings","status":"publish","type":"product","link":"https:\/\/blue-flamingo.ch\/de\/produkt\/wildflower-pearl-drop-earrings\/","title":{"rendered":"Wildblumen Perlen Tropfenohrringe"},"content":{"rendered":"<p>Diese exquisiten Wildblumen-Perlen-Ohrh\u00e4nger kombinieren zarte 17 x 14 mm grosse Edelstahl-Blumenohrstecker mit gl\u00e4nzenden 13\u201316 x 8\u20139 mm grossen, naturweissen S\u00fcsswasserperlen (Gr\u00f6sse, Farbe und Form k\u00f6nnen variieren) und schaffen so eine atemberaubende Mischung aus botanischer Eleganz und zeitloser Raffinesse. Jedes Paar besticht durch einzigartig grosse Perlen, die die nat\u00fcrliche Sch\u00f6nheit echter S\u00fcsswasserperlen unterstreichen, w\u00e4hrend die Edelstahlkonstruktion f\u00fcr Langlebigkeit und hypoallergenen Tragekomfort im Alltag sorgt.<\/p>\n<p>Bitte beachten Sie, dass die tats\u00e4chlichen Farben der Artikel trotz meiner Bem\u00fchungen um Genauigkeit bei der Produktfotografie leicht von der Darstellung auf Ihrem Bildschirm abweichen k\u00f6nnen. Diese Abweichung kann aufgrund unterschiedlicher Monitoreinstellungen, Ger\u00e4tedarstellungen und Lichtverh\u00e4ltnisse beim Fotografieren auftreten. F\u00fcr eine m\u00f6glichst pr\u00e4zise Farbdarstellung beachten Sie bitte die detaillierten Farbbeschreibungen in meinen Produktlisten.<\/p>","protected":false},"excerpt":{"rendered":"<p>Blumenohrstecker aus Edelstahl mit S\u00fcsswasserperlentropfen<\/p>","protected":false},"featured_media":861,"comment_status":"open","ping_status":"closed","template":"","meta":{"om_disable_all_campaigns":false,"_monsterinsights_skip_tracking":false,"_monsterinsights_sitenote_active":false,"_monsterinsights_sitenote_note":"","_monsterinsights_sitenote_category":0,"_uf_show_specific_survey":0,"_uf_disable_surveys":false},"wpc-collection":[],"product_brand":[],"product_cat":[35,22],"product_tag":[],"class_list":{"0":"post-860","1":"product","2":"type-product","3":"status-publish","4":"has-post-thumbnail","6":"product_cat-earrings","7":"product_cat-jewellery","8":"product_shipping_class-small-items-without-tracking","10":"first","11":"instock","12":"shipping-taxable","13":"purchasable","14":"product-type-simple"},"aioseo_notices":[],"jetpack_sharing_enabled":true,"_links":{"self":[{"href":"https:\/\/blue-flamingo.ch\/de\/wp-json\/wp\/v2\/product\/860","targetHints":{"allow":["GET"]}}],"collection":[{"href":"https:\/\/blue-flamingo.ch\/de\/wp-json\/wp\/v2\/product"}],"about":[{"href":"https:\/\/blue-flamingo.ch\/de\/wp-json\/wp\/v2\/types\/product"}],"replies":[{"embeddable":true,"href":"https:\/\/blue-flamingo.ch\/de\/wp-json\/wp\/v2\/comments?post=860"}],"wp:featuredmedia":[{"embeddable":true,"href":"https:\/\/blue-flamingo.ch\/de\/wp-json\/wp\/v2\/media\/861"}],"wp:attachment":[{"href":"https:\/\/blue-flamingo.ch\/de\/wp-json\/wp\/v2\/media?parent=860"}],"wp:term":[{"taxonomy":"wpc-collection","embeddable":true,"href":"https:\/\/blue-flamingo.ch\/de\/wp-json\/wp\/v2\/wpc-collection?post=860"},{"taxonomy":"product_brand","embeddable":true,"href":"https:\/\/blue-flamingo.ch\/de\/wp-json\/wp\/v2\/product_brand?post=860"},{"taxonomy":"product_cat","embeddable":true,"href":"https:\/\/blue-flamingo.ch\/de\/wp-json\/wp\/v2\/product_cat?post=860"},{"taxonomy":"product_tag","embeddable":true,"href":"https:\/\/blue-flamingo.ch\/de\/wp-json\/wp\/v2\/product_tag?post=860"}],"curies":[{"name":"wp","href":"https:\/\/api.w.org\/{rel}","templated":true}]}}