{"id":865,"date":"2025-03-21T09:00:24","date_gmt":"2025-03-21T09:00:24","guid":{"rendered":"https:\/\/blue-flamingo.ch\/?post_type=product&#038;p=865"},"modified":"2025-03-31T08:23:23","modified_gmt":"2025-03-31T07:23:23","slug":"wildflower-evil-eye-earrings-in-coral","status":"publish","type":"product","link":"https:\/\/blue-flamingo.ch\/de\/produkt\/wildflower-evil-eye-earrings-in-coral\/","title":{"rendered":"Wildblumen Ohrringe mit Evil eye in Koralle"},"content":{"rendered":"<p>Diese bezaubernden 17 x 14 mm grossen Wildblumen-Ohrstecker aus Edelstahl bestechen durch ihre auff\u00e4lligen 11 x 15 mm grossen, gl\u00e4nzend vergoldeten, emaillierten, korallenrosafarbenen Tropfenanh\u00e4nger mit dem evil eye, die Schutzsymbolik mit elegantem botanischem Design verbinden. Die faszinierende Korallenemaille bildet einen faszinierenden Kontrast zur warmen Vergoldung, w\u00e4hrend die robuste Edelstahlkonstruktion daf\u00fcr sorgt, dass diese Statement-St\u00fccke bequem und hypoallergen bleiben und den ganzen Tag getragen werden k\u00f6nnen.<\/p>\n<p>Bitte beachten Sie, dass die tats\u00e4chlichen Farben der Artikel trotz meiner Bem\u00fchungen um Genauigkeit bei der Produktfotografie leicht von der Darstellung auf Ihrem Bildschirm abweichen k\u00f6nnen. Diese Abweichung kann aufgrund unterschiedlicher Monitoreinstellungen, Ger\u00e4tedarstellungen und Lichtverh\u00e4ltnisse beim Fotografieren auftreten. F\u00fcr eine m\u00f6glichst pr\u00e4zise Farbdarstellung beachten Sie bitte die detaillierten Farbbeschreibungen in meinen Produktlisten.<\/p>","protected":false},"excerpt":{"rendered":"<p>Ohrringe aus Edelstahl mit vergoldeten Anh\u00e4ngern mit dem Evil eye<\/p>","protected":false},"featured_media":866,"comment_status":"open","ping_status":"closed","template":"","meta":{"om_disable_all_campaigns":false,"_monsterinsights_skip_tracking":false,"_monsterinsights_sitenote_active":false,"_monsterinsights_sitenote_note":"","_monsterinsights_sitenote_category":0,"_uf_show_specific_survey":0,"_uf_disable_surveys":false},"wpc-collection":[],"product_brand":[],"product_cat":[35,22],"product_tag":[],"class_list":{"0":"post-865","1":"product","2":"type-product","3":"status-publish","4":"has-post-thumbnail","6":"product_cat-earrings","7":"product_cat-jewellery","8":"product_shipping_class-small-items-without-tracking","10":"first","11":"instock","12":"sold-individually","13":"shipping-taxable","14":"purchasable","15":"product-type-simple"},"aioseo_notices":[],"jetpack_sharing_enabled":true,"_links":{"self":[{"href":"https:\/\/blue-flamingo.ch\/de\/wp-json\/wp\/v2\/product\/865","targetHints":{"allow":["GET"]}}],"collection":[{"href":"https:\/\/blue-flamingo.ch\/de\/wp-json\/wp\/v2\/product"}],"about":[{"href":"https:\/\/blue-flamingo.ch\/de\/wp-json\/wp\/v2\/types\/product"}],"replies":[{"embeddable":true,"href":"https:\/\/blue-flamingo.ch\/de\/wp-json\/wp\/v2\/comments?post=865"}],"wp:featuredmedia":[{"embeddable":true,"href":"https:\/\/blue-flamingo.ch\/de\/wp-json\/wp\/v2\/media\/866"}],"wp:attachment":[{"href":"https:\/\/blue-flamingo.ch\/de\/wp-json\/wp\/v2\/media?parent=865"}],"wp:term":[{"taxonomy":"wpc-collection","embeddable":true,"href":"https:\/\/blue-flamingo.ch\/de\/wp-json\/wp\/v2\/wpc-collection?post=865"},{"taxonomy":"product_brand","embeddable":true,"href":"https:\/\/blue-flamingo.ch\/de\/wp-json\/wp\/v2\/product_brand?post=865"},{"taxonomy":"product_cat","embeddable":true,"href":"https:\/\/blue-flamingo.ch\/de\/wp-json\/wp\/v2\/product_cat?post=865"},{"taxonomy":"product_tag","embeddable":true,"href":"https:\/\/blue-flamingo.ch\/de\/wp-json\/wp\/v2\/product_tag?post=865"}],"curies":[{"name":"wp","href":"https:\/\/api.w.org\/{rel}","templated":true}]}}