{"id":885,"date":"2025-03-21T09:00:36","date_gmt":"2025-03-21T09:00:36","guid":{"rendered":"https:\/\/blue-flamingo.ch\/?post_type=product&#038;p=885"},"modified":"2025-03-16T12:24:54","modified_gmt":"2025-03-16T12:24:54","slug":"sky-blue-evil-eye-tassel-earrings","status":"publish","type":"product","link":"https:\/\/blue-flamingo.ch\/de\/produkt\/sky-blue-evil-eye-tassel-earrings\/","title":{"rendered":"Himmelblaue Quastenohrringe mit Evil Eye"},"content":{"rendered":"<p>Diese bezaubernden, runden, nachtblauen Anh\u00e4nger mit dem Evil Eye (9 x 14 mm) vereinen edle Emaille-Details mit eleganter Vergoldung und verspielten Miniquasten f\u00fcr stilvollen Schutz. Die Ohrringe h\u00e4ngen an 15 mm breiten, hypoallergenen Edelstahl-Seilschlaufen mit sicherem Schmetterlingsverschluss und bieten so unbeschwerten Tragekomfort f\u00fcr empfindliche Ohren und setzen gleichzeitig ein markantes Statement.<\/p>\n<p>Bitte beachten Sie, dass die tats\u00e4chlichen Farben der Artikel trotz meiner Bem\u00fchungen um Genauigkeit bei der Produktfotografie leicht von der Darstellung auf Ihrem Bildschirm abweichen k\u00f6nnen. Diese Abweichung kann aufgrund unterschiedlicher Monitoreinstellungen, Ger\u00e4tedarstellungen und Lichtverh\u00e4ltnisse beim Fotografieren auftreten. F\u00fcr eine m\u00f6glichst pr\u00e4zise Farbdarstellung beachten Sie bitte die detaillierten Farbbeschreibungen in meinen Produktlisten.<\/p>","protected":false},"excerpt":{"rendered":"<p>Ohrringschlaufen aus Edelstahl mit nachtblauen Anh\u00e4ngern mit dem Evil Eye und nachtblauen Miniaturquasten<\/p>","protected":false},"featured_media":886,"comment_status":"open","ping_status":"closed","template":"","meta":{"om_disable_all_campaigns":false,"_monsterinsights_skip_tracking":false,"_monsterinsights_sitenote_active":false,"_monsterinsights_sitenote_note":"","_monsterinsights_sitenote_category":0,"_uf_show_specific_survey":0,"_uf_disable_surveys":false},"wpc-collection":[],"product_brand":[],"product_cat":[35,22],"product_tag":[],"class_list":{"0":"post-885","1":"product","2":"type-product","3":"status-publish","4":"has-post-thumbnail","6":"product_cat-earrings","7":"product_cat-jewellery","8":"product_shipping_class-small-items-without-tracking","10":"first","11":"instock","12":"shipping-taxable","13":"purchasable","14":"product-type-simple"},"aioseo_notices":[],"jetpack_sharing_enabled":true,"_links":{"self":[{"href":"https:\/\/blue-flamingo.ch\/de\/wp-json\/wp\/v2\/product\/885","targetHints":{"allow":["GET"]}}],"collection":[{"href":"https:\/\/blue-flamingo.ch\/de\/wp-json\/wp\/v2\/product"}],"about":[{"href":"https:\/\/blue-flamingo.ch\/de\/wp-json\/wp\/v2\/types\/product"}],"replies":[{"embeddable":true,"href":"https:\/\/blue-flamingo.ch\/de\/wp-json\/wp\/v2\/comments?post=885"}],"wp:featuredmedia":[{"embeddable":true,"href":"https:\/\/blue-flamingo.ch\/de\/wp-json\/wp\/v2\/media\/886"}],"wp:attachment":[{"href":"https:\/\/blue-flamingo.ch\/de\/wp-json\/wp\/v2\/media?parent=885"}],"wp:term":[{"taxonomy":"wpc-collection","embeddable":true,"href":"https:\/\/blue-flamingo.ch\/de\/wp-json\/wp\/v2\/wpc-collection?post=885"},{"taxonomy":"product_brand","embeddable":true,"href":"https:\/\/blue-flamingo.ch\/de\/wp-json\/wp\/v2\/product_brand?post=885"},{"taxonomy":"product_cat","embeddable":true,"href":"https:\/\/blue-flamingo.ch\/de\/wp-json\/wp\/v2\/product_cat?post=885"},{"taxonomy":"product_tag","embeddable":true,"href":"https:\/\/blue-flamingo.ch\/de\/wp-json\/wp\/v2\/product_tag?post=885"}],"curies":[{"name":"wp","href":"https:\/\/api.w.org\/{rel}","templated":true}]}}