{"id":974,"date":"2025-04-23T14:51:05","date_gmt":"2025-04-23T13:51:05","guid":{"rendered":"https:\/\/blue-flamingo.ch\/?post_type=product&#038;p=974"},"modified":"2025-04-23T14:51:05","modified_gmt":"2025-04-23T13:51:05","slug":"ocean-wishes-bracelet-in-gold","status":"publish","type":"product","link":"https:\/\/blue-flamingo.ch\/de\/produkt\/ocean-wishes-bracelet-in-gold\/","title":{"rendered":"Ocean wishes bracelet in gold"},"content":{"rendered":"<p>This dainty children\u2019s bracelet features five gold-plated coin charms that dance delicately on a 13.5cm chain with a 5cm extension for perfect sizing. Crafted from durable stainless steel components and glass seed beads in turquoise shades, this bracelet combines playful charm with lasting quality for everyday wear. The miniature wishing coins create a magical touch that children will treasure, making this the perfect accessory for little dreamers.<\/p>\n<p>This is not a toy. Not suitable for children under 3 years of age. Care should be taken with this product.<\/p>\n<p>Ich bem\u00fche mich zwar um Genauigkeit, die tats\u00e4chlichen Farben der Produkte k\u00f6nnen jedoch aufgrund unterschiedlicher Lichtverh\u00e4ltnisse beim Fotografieren, der Bildschirmeinstellungen verschiedener Ger\u00e4te und der individuellen Monitorkalibrierung leicht von den Abbildungen abweichen. Diese Farbabweichungen sind normal und stellen keinen Mangel dar.<\/p>","protected":false},"excerpt":{"rendered":"<p>Turquoise and white multi coloured seed bead children\u2019s bracelet featuring gold plated coin charms.<\/p>","protected":false},"featured_media":975,"comment_status":"open","ping_status":"closed","template":"","meta":{"om_disable_all_campaigns":false,"_monsterinsights_skip_tracking":false,"_monsterinsights_sitenote_active":false,"_monsterinsights_sitenote_note":"","_monsterinsights_sitenote_category":0,"_uf_show_specific_survey":0,"_uf_disable_surveys":false},"wpc-collection":[],"product_brand":[],"product_cat":[97,22],"product_tag":[],"class_list":{"0":"post-974","1":"product","2":"type-product","3":"status-publish","4":"has-post-thumbnail","6":"product_cat-childrensjewellery","7":"product_cat-jewellery","8":"product_shipping_class-small-items-without-tracking","10":"first","11":"instock","12":"shipping-taxable","13":"purchasable","14":"product-type-simple"},"aioseo_notices":[],"jetpack_sharing_enabled":true,"_links":{"self":[{"href":"https:\/\/blue-flamingo.ch\/de\/wp-json\/wp\/v2\/product\/974","targetHints":{"allow":["GET"]}}],"collection":[{"href":"https:\/\/blue-flamingo.ch\/de\/wp-json\/wp\/v2\/product"}],"about":[{"href":"https:\/\/blue-flamingo.ch\/de\/wp-json\/wp\/v2\/types\/product"}],"replies":[{"embeddable":true,"href":"https:\/\/blue-flamingo.ch\/de\/wp-json\/wp\/v2\/comments?post=974"}],"wp:featuredmedia":[{"embeddable":true,"href":"https:\/\/blue-flamingo.ch\/de\/wp-json\/wp\/v2\/media\/975"}],"wp:attachment":[{"href":"https:\/\/blue-flamingo.ch\/de\/wp-json\/wp\/v2\/media?parent=974"}],"wp:term":[{"taxonomy":"wpc-collection","embeddable":true,"href":"https:\/\/blue-flamingo.ch\/de\/wp-json\/wp\/v2\/wpc-collection?post=974"},{"taxonomy":"product_brand","embeddable":true,"href":"https:\/\/blue-flamingo.ch\/de\/wp-json\/wp\/v2\/product_brand?post=974"},{"taxonomy":"product_cat","embeddable":true,"href":"https:\/\/blue-flamingo.ch\/de\/wp-json\/wp\/v2\/product_cat?post=974"},{"taxonomy":"product_tag","embeddable":true,"href":"https:\/\/blue-flamingo.ch\/de\/wp-json\/wp\/v2\/product_tag?post=974"}],"curies":[{"name":"wp","href":"https:\/\/api.w.org\/{rel}","templated":true}]}}