{"id":976,"date":"2025-04-23T15:26:39","date_gmt":"2025-04-23T14:26:39","guid":{"rendered":"https:\/\/blue-flamingo.ch\/?post_type=product&#038;p=976"},"modified":"2025-04-23T15:26:39","modified_gmt":"2025-04-23T14:26:39","slug":"ocean-coin-bracelet","status":"publish","type":"product","link":"https:\/\/blue-flamingo.ch\/de\/produkt\/ocean-coin-bracelet\/","title":{"rendered":"Ozean M\u00fcnzarmband"},"content":{"rendered":"<p>Dieses Armband ist elegant mit abwechselnd weissen und t\u00fcrkisfarbenen Glasperlen gestaltet und verf\u00fcgt \u00fcber sechs zarte, vergoldete M\u00fcnzanh\u00e4nger, die bei jeder Bewegung das Licht einfangen. Das 16 cm lange Armband verf\u00fcgt \u00fcber eine 5 cm lange Verl\u00e4ngerungskette f\u00fcr einen bequemen Sitz, der nach Belieben angepasst werden kann. Individuelle L\u00e4ngen sind auf Anfrage erh\u00e4ltlich, sodass Sie ein perfekt auf Ihr Handgelenk abgestimmtes Armband erhalten.<\/p>\n<p>Ich bem\u00fche mich zwar um Genauigkeit, die tats\u00e4chlichen Farben der Produkte k\u00f6nnen jedoch aufgrund unterschiedlicher Lichtverh\u00e4ltnisse beim Fotografieren, der Bildschirmeinstellungen verschiedener Ger\u00e4te und der individuellen Monitorkalibrierung leicht von den Abbildungen abweichen. Diese Farbabweichungen sind normal und stellen keinen Mangel dar.<\/p>","protected":false},"excerpt":{"rendered":"<p>Armband aus Rocailles-Perlen in Ozeant\u00f6nen mit vergoldeten Miniatur-M\u00fcnzanh\u00e4ngern.<\/p>","protected":false},"featured_media":977,"comment_status":"open","ping_status":"closed","template":"","meta":{"om_disable_all_campaigns":false,"_monsterinsights_skip_tracking":false,"_monsterinsights_sitenote_active":false,"_monsterinsights_sitenote_note":"","_monsterinsights_sitenote_category":0,"_uf_show_specific_survey":0,"_uf_disable_surveys":false},"wpc-collection":[],"product_brand":[],"product_cat":[59,22],"product_tag":[],"class_list":{"0":"post-976","1":"product","2":"type-product","3":"status-publish","4":"has-post-thumbnail","6":"product_cat-bracelets","7":"product_cat-jewellery","8":"product_shipping_class-small-items-without-tracking","10":"first","11":"instock","12":"shipping-taxable","13":"purchasable","14":"product-type-simple"},"aioseo_notices":[],"jetpack_sharing_enabled":true,"_links":{"self":[{"href":"https:\/\/blue-flamingo.ch\/de\/wp-json\/wp\/v2\/product\/976","targetHints":{"allow":["GET"]}}],"collection":[{"href":"https:\/\/blue-flamingo.ch\/de\/wp-json\/wp\/v2\/product"}],"about":[{"href":"https:\/\/blue-flamingo.ch\/de\/wp-json\/wp\/v2\/types\/product"}],"replies":[{"embeddable":true,"href":"https:\/\/blue-flamingo.ch\/de\/wp-json\/wp\/v2\/comments?post=976"}],"wp:featuredmedia":[{"embeddable":true,"href":"https:\/\/blue-flamingo.ch\/de\/wp-json\/wp\/v2\/media\/977"}],"wp:attachment":[{"href":"https:\/\/blue-flamingo.ch\/de\/wp-json\/wp\/v2\/media?parent=976"}],"wp:term":[{"taxonomy":"wpc-collection","embeddable":true,"href":"https:\/\/blue-flamingo.ch\/de\/wp-json\/wp\/v2\/wpc-collection?post=976"},{"taxonomy":"product_brand","embeddable":true,"href":"https:\/\/blue-flamingo.ch\/de\/wp-json\/wp\/v2\/product_brand?post=976"},{"taxonomy":"product_cat","embeddable":true,"href":"https:\/\/blue-flamingo.ch\/de\/wp-json\/wp\/v2\/product_cat?post=976"},{"taxonomy":"product_tag","embeddable":true,"href":"https:\/\/blue-flamingo.ch\/de\/wp-json\/wp\/v2\/product_tag?post=976"}],"curies":[{"name":"wp","href":"https:\/\/api.w.org\/{rel}","templated":true}]}}