{"id":986,"date":"2025-04-23T17:19:03","date_gmt":"2025-04-23T16:19:03","guid":{"rendered":"https:\/\/blue-flamingo.ch\/?post_type=product&#038;p=986"},"modified":"2025-04-23T17:19:03","modified_gmt":"2025-04-23T16:19:03","slug":"aquamarine-pearl-bracelet","status":"publish","type":"product","link":"https:\/\/blue-flamingo.ch\/de\/produkt\/aquamarine-pearl-bracelet\/","title":{"rendered":"Aquamarin Perlenarmband"},"content":{"rendered":"<p>Dieses bezaubernde Armband kombiniert t\u00fcrkisfarbene und weisse Glasperlen mit zarten S\u00fcsswasserperlen f\u00fcr einen frischen, ozeanisch inspirierten Look. Die Basis misst 16,5 cm, mit einer herzf\u00f6rmigen Verl\u00e4ngerungskette von bis zu 5 cm f\u00fcr eine individuelle Passform. Funkelnde Edelstahl-Abdeckperlen verleihen einen Hauch von Schimmer, w\u00e4hrend ein sicherer Karabinerverschluss einfaches An- und Ausziehen erm\u00f6glicht. Individuelle L\u00e4ngen sind auf Anfrage erh\u00e4ltlich, sodass Sie ein perfekt auf Ihr Handgelenk abgestimmtes St\u00fcck erhalten.<\/p>\n<p>Ich bem\u00fche mich zwar um Genauigkeit, die tats\u00e4chlichen Farben der Produkte k\u00f6nnen jedoch aufgrund unterschiedlicher Lichtverh\u00e4ltnisse beim Fotografieren, der Bildschirmeinstellungen verschiedener Ger\u00e4te und der individuellen Monitorkalibrierung leicht von den Abbildungen abweichen. Diese Farbabweichungen sind normal und stellen keinen Mangel dar.<\/p>","protected":false},"excerpt":{"rendered":"<p>Armband aus Rocailles-Perlen in Ozeant\u00f6nen mit kleinen S\u00fcsswasser-Kartoffelperlen.<\/p>","protected":false},"featured_media":987,"comment_status":"open","ping_status":"closed","template":"","meta":{"om_disable_all_campaigns":false,"_monsterinsights_skip_tracking":false,"_monsterinsights_sitenote_active":false,"_monsterinsights_sitenote_note":"","_monsterinsights_sitenote_category":0,"_uf_show_specific_survey":0,"_uf_disable_surveys":false},"wpc-collection":[],"product_brand":[],"product_cat":[59,22],"product_tag":[],"class_list":{"0":"post-986","1":"product","2":"type-product","3":"status-publish","4":"has-post-thumbnail","6":"product_cat-bracelets","7":"product_cat-jewellery","8":"product_shipping_class-small-items-without-tracking","10":"first","11":"instock","12":"shipping-taxable","13":"purchasable","14":"product-type-simple"},"aioseo_notices":[],"jetpack_sharing_enabled":true,"_links":{"self":[{"href":"https:\/\/blue-flamingo.ch\/de\/wp-json\/wp\/v2\/product\/986","targetHints":{"allow":["GET"]}}],"collection":[{"href":"https:\/\/blue-flamingo.ch\/de\/wp-json\/wp\/v2\/product"}],"about":[{"href":"https:\/\/blue-flamingo.ch\/de\/wp-json\/wp\/v2\/types\/product"}],"replies":[{"embeddable":true,"href":"https:\/\/blue-flamingo.ch\/de\/wp-json\/wp\/v2\/comments?post=986"}],"wp:featuredmedia":[{"embeddable":true,"href":"https:\/\/blue-flamingo.ch\/de\/wp-json\/wp\/v2\/media\/987"}],"wp:attachment":[{"href":"https:\/\/blue-flamingo.ch\/de\/wp-json\/wp\/v2\/media?parent=986"}],"wp:term":[{"taxonomy":"wpc-collection","embeddable":true,"href":"https:\/\/blue-flamingo.ch\/de\/wp-json\/wp\/v2\/wpc-collection?post=986"},{"taxonomy":"product_brand","embeddable":true,"href":"https:\/\/blue-flamingo.ch\/de\/wp-json\/wp\/v2\/product_brand?post=986"},{"taxonomy":"product_cat","embeddable":true,"href":"https:\/\/blue-flamingo.ch\/de\/wp-json\/wp\/v2\/product_cat?post=986"},{"taxonomy":"product_tag","embeddable":true,"href":"https:\/\/blue-flamingo.ch\/de\/wp-json\/wp\/v2\/product_tag?post=986"}],"curies":[{"name":"wp","href":"https:\/\/api.w.org\/{rel}","templated":true}]}}